{"id":978,"date":"2012-09-21T20:13:43","date_gmt":"2012-09-21T20:13:43","guid":{"rendered":"http:\/\/www.malekysice.cz\/?page_id=978"},"modified":"2012-10-01T20:20:05","modified_gmt":"2012-10-01T20:20:05","slug":"kaplicka-ve-zlabku","status":"publish","type":"page","link":"http:\/\/www.malekysice.cz\/?page_id=978","title":{"rendered":"KAPLI\u010cKA VE \u017dL\u00c1BKU"},"content":{"rendered":"<p><em>(k.\u00fa. Bratronice \u2013 na hranici s\u00a0k.\u00fa. Mal\u00e9 Ky\u0161ice)<\/em><\/p>\n<p style=\"text-align: justify;\"><span style=\"text-decoration: underline;\">Poloha:<\/span> V\u00a0\u00fadol\u00ed pod Vysok\u00fdm vrchem p\u0159i pot\u016f\u010dku, kter\u00fd se Na Rou\u010dm\u00edd\u011b vl\u00e9v\u00e1 do Lod\u011bnice.<\/p>\n<p style=\"text-align: justify;\">Zd\u011bn\u00e9 staven\u00ed s\u00a0v\u00fdklenkem, do kter\u00e9ho je sveden pramen l\u00e9\u010div\u00e9 vody. P\u0159edlohou pro obraz um\u00edst\u011bn\u00fd ve v\u00fdklenku kapli\u010dky byl nezn\u00e1m\u00e9mu um\u011blci obraz Roudnick\u00e9 madony. Naproti kapli\u010dce \u2013 za pot\u016f\u010dkem \u2013 se ty\u010d\u00ed vysok\u00fd d\u0159ev\u011bn\u00fd k\u0159\u00ed\u017e s\u00a0uk\u0159i\u017eovan\u00fdm Kristem.<\/p>\n<p style=\"text-align: justify;\">Podle pov\u011bsti zdej\u0161\u00ed kapli\u010dku nechali postavit roku 1649 man\u017eel\u00e9 Anna a Ji\u0159\u00ed P\u011bnkavovi (primas m\u011bsta Unho\u0161t\u011b) jako pod\u011bkov\u00e1n\u00ed blahoslaven\u00e9 Pann\u011b Marii za uzdraven\u00ed sv\u00e9 desetilet\u00e9 dcerky Sabiny, kter\u00e1 v\u00a0dob\u011b, kdy\u017e se ve zdej\u0161\u00edch les\u00edch ukr\u00fdvali p\u0159ed plen\u00edc\u00edmi vojsky oslepla.\u00a0 Po roce 1989 farnost c\u00edrkve \u0158\u00edmsko-katolick\u00e9 v Unho\u0161ti obnovila tradice kon\u00e1n\u00ed zdej\u0161\u00edch pout\u00ed \u2013 v\u017edy v\u00a0ned\u011bli o Hodu Bo\u017e\u00edm svatodu\u0161n\u00edm o 15. hodin\u011b. V\u00a0obdob\u00ed let 1999-2000 byla \u017el\u00e1beck\u00e1 kapli\u010dka opravena, kdy\u017e prost\u0159edky na opravu slou\u010dily: m\u011bsto Unho\u0161\u0165, obce Horn\u00ed Bezd\u011bkov, Mal\u00e9 Ky\u0161ice a Bratronice.<\/p>\n<p style=\"text-align: justify;\">\n<p><a href=\"http:\/\/www.malekysice.cz\/wp-content\/uploads\/2012\/09\/13.jpg\"><img loading=\"lazy\" class=\"wp-image-1272 alignleft\" src=\"http:\/\/www.malekysice.cz\/wp-content\/uploads\/2012\/09\/13-225x300.jpg\" alt=\"\" width=\"203\" height=\"270\" srcset=\"http:\/\/www.malekysice.cz\/wp-content\/uploads\/2012\/09\/13-225x300.jpg 225w, http:\/\/www.malekysice.cz\/wp-content\/uploads\/2012\/09\/13.jpg 480w\" sizes=\"(max-width: 203px) 100vw, 203px\" \/><\/a><a href=\"http:\/\/www.malekysice.cz\/wp-content\/uploads\/2012\/09\/23.jpg\"><img loading=\"lazy\" class=\"wp-image-1273 alignleft\" src=\"http:\/\/www.malekysice.cz\/wp-content\/uploads\/2012\/09\/23-225x300.jpg\" alt=\"\" width=\"203\" height=\"270\" srcset=\"http:\/\/www.malekysice.cz\/wp-content\/uploads\/2012\/09\/23-225x300.jpg 225w, http:\/\/www.malekysice.cz\/wp-content\/uploads\/2012\/09\/23.jpg 480w\" sizes=\"(max-width: 203px) 100vw, 203px\" \/><\/a><\/p>\n","protected":false},"excerpt":{"rendered":"<p>(k.\u00fa. Bratronice \u2013 na hranici s\u00a0k.\u00fa. Mal\u00e9 Ky\u0161ice) Poloha: V\u00a0\u00fadol\u00ed pod Vysok\u00fdm vrchem p\u0159i pot\u016f\u010dku, kter\u00fd se Na Rou\u010dm\u00edd\u011b vl\u00e9v\u00e1 do Lod\u011bnice. Zd\u011bn\u00e9 staven\u00ed s\u00a0v\u00fdklenkem, do kter\u00e9ho je sveden pramen&hellip;<\/p>\n","protected":false},"author":1,"featured_media":0,"parent":955,"menu_order":0,"comment_status":"closed","ping_status":"open","template":"","meta":[],"_links":{"self":[{"href":"http:\/\/www.malekysice.cz\/index.php?rest_route=\/wp\/v2\/pages\/978"}],"collection":[{"href":"http:\/\/www.malekysice.cz\/index.php?rest_route=\/wp\/v2\/pages"}],"about":[{"href":"http:\/\/www.malekysice.cz\/index.php?rest_route=\/wp\/v2\/types\/page"}],"author":[{"embeddable":true,"href":"http:\/\/www.malekysice.cz\/index.php?rest_route=\/wp\/v2\/users\/1"}],"replies":[{"embeddable":true,"href":"http:\/\/www.malekysice.cz\/index.php?rest_route=%2Fwp%2Fv2%2Fcomments&post=978"}],"version-history":[{"count":5,"href":"http:\/\/www.malekysice.cz\/index.php?rest_route=\/wp\/v2\/pages\/978\/revisions"}],"predecessor-version":[{"id":1044,"href":"http:\/\/www.malekysice.cz\/index.php?rest_route=\/wp\/v2\/pages\/978\/revisions\/1044"}],"up":[{"embeddable":true,"href":"http:\/\/www.malekysice.cz\/index.php?rest_route=\/wp\/v2\/pages\/955"}],"wp:attachment":[{"href":"http:\/\/www.malekysice.cz\/index.php?rest_route=%2Fwp%2Fv2%2Fmedia&parent=978"}],"curies":[{"name":"wp","href":"https:\/\/api.w.org\/{rel}","templated":true}]}}