{"id":774,"date":"2012-09-11T07:40:19","date_gmt":"2012-09-11T07:40:19","guid":{"rendered":"http:\/\/www.malekysice.cz\/?page_id=774"},"modified":"2023-10-25T11:15:56","modified_gmt":"2023-10-25T11:15:56","slug":"rok-2012","status":"publish","type":"page","link":"http:\/\/www.malekysice.cz\/?page_id=774","title":{"rendered":"Rok 2012"},"content":{"rendered":"<p><a href=\"http:\/\/www.malekysice.cz\/wp-content\/uploads\/2012\/04\/Maloky\u0161ick\u00e9-ozv\u011bny-\u010d.1_2012.pdf\">Maloky\u0161ick\u00e9 ozv\u011bny \u010d.1 (87)<\/a><\/p>\n<p><a href=\"http:\/\/www.malekysice.cz\/wp-content\/uploads\/2012\/04\/Maloky\u0161ick\u00e9-ozv\u011bny-\u010d.2_2012.pdf\">Maloky\u0161ick\u00e9 ozv\u011bny \u010d.2 (88)<\/a><\/p>\n<p><a href=\"http:\/\/www.malekysice.cz\/wp-content\/uploads\/2012\/09\/Maloky\u0161ick\u00e9-ozv\u011bny-\u010d.3_2012.pdf\">Maloky\u0161ick\u00e9 ozv\u011bny \u010d.3 (89)<\/a><\/p>\n<p><a href=\"http:\/\/www.malekysice.cz\/wp-content\/uploads\/2012\/09\/Maloky\u0161ick\u00e9-ozv\u011bny-\u010d.4_2012.pdf\">Maloky\u0161ick\u00e9 ozv\u011bny \u010d.4 (90)<\/a>&nbsp;a&nbsp;<a href=\"http:\/\/www.malekysice.cz\/wp-content\/uploads\/2012\/09\/Z\u00e1pis-do-kroniky-za-rok-2011-_P\u0159\u00edloha-MO-\u010d.90_.pdf\">P\u0159\u00edloha &#8211; N\u00e1vrh z\u00e1pisu do kroniky obce za rok 2011<\/a><\/p>\n<p><a title=\"Maloky\u0161ick\u00e9 ozv\u011bny \u010d.5 (91)\" href=\"http:\/\/www.malekysice.cz\/wp-content\/uploads\/2012\/09\/Maloky\u0161ick\u00e9-ozv\u011bny-\u010d.5_20122.pdf\">Maloky\u0161ick\u00e9 ozv\u011bny \u010d.5 (91)<\/a><\/p>\n<p>&nbsp;<\/p>\n<p>&nbsp;<\/p>\n","protected":false},"excerpt":{"rendered":"<p>Maloky\u0161ick\u00e9 ozv\u011bny \u010d.1 (87) Maloky\u0161ick\u00e9 ozv\u011bny \u010d.2 (88) Maloky\u0161ick\u00e9 ozv\u011bny \u010d.3 (89) Maloky\u0161ick\u00e9 ozv\u011bny \u010d.4 (90)&nbsp;a&nbsp;P\u0159\u00edloha &#8211; N\u00e1vrh z\u00e1pisu do kroniky obce za rok 2011 Maloky\u0161ick\u00e9 ozv\u011bny \u010d.5 (91) &nbsp;&hellip;<\/p>\n","protected":false},"author":1,"featured_media":0,"parent":2,"menu_order":0,"comment_status":"closed","ping_status":"open","template":"","meta":[],"_links":{"self":[{"href":"http:\/\/www.malekysice.cz\/index.php?rest_route=\/wp\/v2\/pages\/774"}],"collection":[{"href":"http:\/\/www.malekysice.cz\/index.php?rest_route=\/wp\/v2\/pages"}],"about":[{"href":"http:\/\/www.malekysice.cz\/index.php?rest_route=\/wp\/v2\/types\/page"}],"author":[{"embeddable":true,"href":"http:\/\/www.malekysice.cz\/index.php?rest_route=\/wp\/v2\/users\/1"}],"replies":[{"embeddable":true,"href":"http:\/\/www.malekysice.cz\/index.php?rest_route=%2Fwp%2Fv2%2Fcomments&post=774"}],"version-history":[{"count":9,"href":"http:\/\/www.malekysice.cz\/index.php?rest_route=\/wp\/v2\/pages\/774\/revisions"}],"predecessor-version":[{"id":4362,"href":"http:\/\/www.malekysice.cz\/index.php?rest_route=\/wp\/v2\/pages\/774\/revisions\/4362"}],"up":[{"embeddable":true,"href":"http:\/\/www.malekysice.cz\/index.php?rest_route=\/wp\/v2\/pages\/2"}],"wp:attachment":[{"href":"http:\/\/www.malekysice.cz\/index.php?rest_route=%2Fwp%2Fv2%2Fmedia&parent=774"}],"curies":[{"name":"wp","href":"https:\/\/api.w.org\/{rel}","templated":true}]}}