{"id":772,"date":"2012-09-11T07:40:08","date_gmt":"2012-09-11T07:40:08","guid":{"rendered":"http:\/\/www.malekysice.cz\/?page_id=772"},"modified":"2023-10-25T11:15:50","modified_gmt":"2023-10-25T11:15:50","slug":"rok-2011","status":"publish","type":"page","link":"http:\/\/www.malekysice.cz\/?page_id=772","title":{"rendered":"Rok 2011"},"content":{"rendered":"<p><a href=\"http:\/\/www.malekysice.cz\/wp-content\/uploads\/2012\/04\/Maloky\u0161ick\u00e9-ozv\u011bny-\u010d.1_2011.pdf\">Maloky\u0161ick\u00e9 ozv\u011bny \u010d.1 (83)<\/a><\/p>\n<p><a href=\"http:\/\/www.malekysice.cz\/wp-content\/uploads\/2012\/04\/Maloky\u0161ick\u00e9-ozv\u011bny-\u010d.2_2011.pdf\">Maloky\u0161ick\u00e9 ozv\u011bny \u010d.2 (84)<\/a><\/p>\n<p><a href=\"http:\/\/www.malekysice.cz\/wp-content\/uploads\/2012\/04\/Maloky\u0161ick\u00e9-ozv\u011bny-\u010d.3_2011.pdf\">Maloky\u0161ick\u00e9 ozv\u011bny \u010d.3 (85)<\/a><\/p>\n<p><a href=\"http:\/\/www.malekysice.cz\/wp-content\/uploads\/2012\/04\/Maloky\u0161ick\u00e9-ozv\u011bny-\u010d.4_2011.pdf\">Maloky\u0161ick\u00e9 ozv\u011bny \u010d.4 (86)<\/a>&nbsp;a&nbsp;<a href=\"http:\/\/www.malekysice.cz\/wp-content\/uploads\/2012\/04\/V\u00e1no\u010dn\u00ed-p\u0159\u00edloha-do-\u010d.4_2011.pdf\">V\u00e1no\u010dn\u00ed p\u0159\u00edloha k \u010d.4 (86)<\/a><\/p>\n","protected":false},"excerpt":{"rendered":"<p>Maloky\u0161ick\u00e9 ozv\u011bny \u010d.1 (83) Maloky\u0161ick\u00e9 ozv\u011bny \u010d.2 (84) Maloky\u0161ick\u00e9 ozv\u011bny \u010d.3 (85) Maloky\u0161ick\u00e9 ozv\u011bny \u010d.4 (86)&nbsp;a&nbsp;V\u00e1no\u010dn\u00ed p\u0159\u00edloha k \u010d.4 (86)<\/p>\n","protected":false},"author":1,"featured_media":0,"parent":2,"menu_order":0,"comment_status":"closed","ping_status":"open","template":"","meta":[],"_links":{"self":[{"href":"http:\/\/www.malekysice.cz\/index.php?rest_route=\/wp\/v2\/pages\/772"}],"collection":[{"href":"http:\/\/www.malekysice.cz\/index.php?rest_route=\/wp\/v2\/pages"}],"about":[{"href":"http:\/\/www.malekysice.cz\/index.php?rest_route=\/wp\/v2\/types\/page"}],"author":[{"embeddable":true,"href":"http:\/\/www.malekysice.cz\/index.php?rest_route=\/wp\/v2\/users\/1"}],"replies":[{"embeddable":true,"href":"http:\/\/www.malekysice.cz\/index.php?rest_route=%2Fwp%2Fv2%2Fcomments&post=772"}],"version-history":[{"count":3,"href":"http:\/\/www.malekysice.cz\/index.php?rest_route=\/wp\/v2\/pages\/772\/revisions"}],"predecessor-version":[{"id":4361,"href":"http:\/\/www.malekysice.cz\/index.php?rest_route=\/wp\/v2\/pages\/772\/revisions\/4361"}],"up":[{"embeddable":true,"href":"http:\/\/www.malekysice.cz\/index.php?rest_route=\/wp\/v2\/pages\/2"}],"wp:attachment":[{"href":"http:\/\/www.malekysice.cz\/index.php?rest_route=%2Fwp%2Fv2%2Fmedia&parent=772"}],"curies":[{"name":"wp","href":"https:\/\/api.w.org\/{rel}","templated":true}]}}