{"id":770,"date":"2012-09-11T07:39:57","date_gmt":"2012-09-11T07:39:57","guid":{"rendered":"http:\/\/www.malekysice.cz\/?page_id=770"},"modified":"2023-10-25T11:15:44","modified_gmt":"2023-10-25T11:15:44","slug":"rok-2010","status":"publish","type":"page","link":"http:\/\/www.malekysice.cz\/?page_id=770","title":{"rendered":"Rok 2010"},"content":{"rendered":"<p><a href=\"http:\/\/www.malekysice.cz\/wp-content\/uploads\/2012\/04\/Maloky\u0161ick\u00e9-ozv\u011bny-\u010d.-1_2010.pdf\">Maloky\u0161ick\u00e9 ozv\u011bny \u010d. 1 (78)<\/a><\/p>\n<p><a href=\"http:\/\/www.malekysice.cz\/wp-content\/uploads\/2012\/04\/Maloky\u0161ick\u00e9-ozv\u011bny-\u010d.-2_2010.pdf\">Maloky\u0161ick\u00e9 ozv\u011bny \u010d. 2 (79)<\/a><\/p>\n<p><a href=\"http:\/\/www.malekysice.cz\/wp-content\/uploads\/2012\/04\/Maloky\u0161ick\u00e9-ozv\u011bny-\u010d.-3_2010.pdf\">Maloky\u0161ick\u00e9 ozv\u011bny \u010d. 3 (80)<\/a>&nbsp;a&nbsp;<a href=\"http:\/\/www.malekysice.cz\/wp-content\/uploads\/2012\/04\/Z\u00e1pis-do-kroniky-za-rok-2009.pdf\">P\u0159\u00edloha &#8211; N\u00e1vrh z\u00e1pisu do kroniky za rok 2009<\/a><\/p>\n<p><a href=\"http:\/\/www.malekysice.cz\/wp-content\/uploads\/2012\/04\/Maloky\u0161ick\u00e9-ozv\u011bny-\u010d.-4_2010.pdf\">Maloky\u0161ick\u00e9 ozv\u011bny \u010d. 4 (81)<\/a><\/p>\n<p><a href=\"http:\/\/www.malekysice.cz\/wp-content\/uploads\/2012\/09\/Maloky\u0161ick\u00e9-ozv\u011bny-\u010d.5_2010-82.pdf\">Maloky\u0161ick\u00e9 ozv\u011bny \u010d.5 (82<\/a>)&nbsp;a&nbsp;<a href=\"http:\/\/www.malekysice.cz\/wp-content\/uploads\/2012\/04\/Zastupitel\u00e9.pdf\">Fotop\u0159\u00edloha k \u010d.5 (82)<\/a><\/p>\n","protected":false},"excerpt":{"rendered":"<p>Maloky\u0161ick\u00e9 ozv\u011bny \u010d. 1 (78) Maloky\u0161ick\u00e9 ozv\u011bny \u010d. 2 (79) Maloky\u0161ick\u00e9 ozv\u011bny \u010d. 3 (80)&nbsp;a&nbsp;P\u0159\u00edloha &#8211; N\u00e1vrh z\u00e1pisu do kroniky za rok 2009 Maloky\u0161ick\u00e9 ozv\u011bny \u010d. 4 (81) Maloky\u0161ick\u00e9 ozv\u011bny&hellip;<\/p>\n","protected":false},"author":1,"featured_media":0,"parent":2,"menu_order":0,"comment_status":"closed","ping_status":"open","template":"","meta":[],"_links":{"self":[{"href":"http:\/\/www.malekysice.cz\/index.php?rest_route=\/wp\/v2\/pages\/770"}],"collection":[{"href":"http:\/\/www.malekysice.cz\/index.php?rest_route=\/wp\/v2\/pages"}],"about":[{"href":"http:\/\/www.malekysice.cz\/index.php?rest_route=\/wp\/v2\/types\/page"}],"author":[{"embeddable":true,"href":"http:\/\/www.malekysice.cz\/index.php?rest_route=\/wp\/v2\/users\/1"}],"replies":[{"embeddable":true,"href":"http:\/\/www.malekysice.cz\/index.php?rest_route=%2Fwp%2Fv2%2Fcomments&post=770"}],"version-history":[{"count":5,"href":"http:\/\/www.malekysice.cz\/index.php?rest_route=\/wp\/v2\/pages\/770\/revisions"}],"predecessor-version":[{"id":4360,"href":"http:\/\/www.malekysice.cz\/index.php?rest_route=\/wp\/v2\/pages\/770\/revisions\/4360"}],"up":[{"embeddable":true,"href":"http:\/\/www.malekysice.cz\/index.php?rest_route=\/wp\/v2\/pages\/2"}],"wp:attachment":[{"href":"http:\/\/www.malekysice.cz\/index.php?rest_route=%2Fwp%2Fv2%2Fmedia&parent=770"}],"curies":[{"name":"wp","href":"https:\/\/api.w.org\/{rel}","templated":true}]}}