{"id":768,"date":"2012-09-11T07:39:46","date_gmt":"2012-09-11T07:39:46","guid":{"rendered":"http:\/\/www.malekysice.cz\/?page_id=768"},"modified":"2023-10-25T11:15:38","modified_gmt":"2023-10-25T11:15:38","slug":"rok-2009","status":"publish","type":"page","link":"http:\/\/www.malekysice.cz\/?page_id=768","title":{"rendered":"Rok 2009"},"content":{"rendered":"<p><a href=\"http:\/\/www.malekysice.cz\/wp-content\/uploads\/2012\/04\/Maloky\u0161ick\u00e9-ozv\u011bny-ro\u010d.III_2009-\u010d.174.pdf\">Maloky\u0161ick\u00e9 ozv\u011bny \u010d.1(74)<\/a><\/p>\n<p><a href=\"http:\/\/www.malekysice.cz\/wp-content\/uploads\/2012\/04\/Maloky\u0161ick\u00e9-ozv\u011bny-ro\u010d.III_2009-\u010d.2-75.pdf\">Maloky\u0161ick\u00e9 ozv\u011bny \u010d.2 (75)<\/a><\/p>\n<p><a href=\"http:\/\/www.malekysice.cz\/wp-content\/uploads\/2012\/04\/Maloky\u0161ick\u00e9-ozv\u011bny-ro\u010d.III_2009-\u010d.3-76.pdf\">Maloky\u0161ick\u00e9 ozv\u011bny \u010d.3 (76)<\/a><\/p>\n<p><a href=\"http:\/\/www.malekysice.cz\/wp-content\/uploads\/2012\/04\/Maloky\u0161ick\u00e9-ozv\u011bny-ro\u010d.III_2009-\u010d.4-77.pdf\">Maloky\u0161ick\u00e9 ozv\u011bny \u010d.4 (77)<\/a><\/p>\n","protected":false},"excerpt":{"rendered":"<p>Maloky\u0161ick\u00e9 ozv\u011bny \u010d.1(74) Maloky\u0161ick\u00e9 ozv\u011bny \u010d.2 (75) Maloky\u0161ick\u00e9 ozv\u011bny \u010d.3 (76) Maloky\u0161ick\u00e9 ozv\u011bny \u010d.4 (77)<\/p>\n","protected":false},"author":1,"featured_media":0,"parent":2,"menu_order":0,"comment_status":"closed","ping_status":"open","template":"","meta":[],"_links":{"self":[{"href":"http:\/\/www.malekysice.cz\/index.php?rest_route=\/wp\/v2\/pages\/768"}],"collection":[{"href":"http:\/\/www.malekysice.cz\/index.php?rest_route=\/wp\/v2\/pages"}],"about":[{"href":"http:\/\/www.malekysice.cz\/index.php?rest_route=\/wp\/v2\/types\/page"}],"author":[{"embeddable":true,"href":"http:\/\/www.malekysice.cz\/index.php?rest_route=\/wp\/v2\/users\/1"}],"replies":[{"embeddable":true,"href":"http:\/\/www.malekysice.cz\/index.php?rest_route=%2Fwp%2Fv2%2Fcomments&post=768"}],"version-history":[{"count":3,"href":"http:\/\/www.malekysice.cz\/index.php?rest_route=\/wp\/v2\/pages\/768\/revisions"}],"predecessor-version":[{"id":4359,"href":"http:\/\/www.malekysice.cz\/index.php?rest_route=\/wp\/v2\/pages\/768\/revisions\/4359"}],"up":[{"embeddable":true,"href":"http:\/\/www.malekysice.cz\/index.php?rest_route=\/wp\/v2\/pages\/2"}],"wp:attachment":[{"href":"http:\/\/www.malekysice.cz\/index.php?rest_route=%2Fwp%2Fv2%2Fmedia&parent=768"}],"curies":[{"name":"wp","href":"https:\/\/api.w.org\/{rel}","templated":true}]}}