{"id":765,"date":"2012-09-11T07:39:24","date_gmt":"2012-09-11T07:39:24","guid":{"rendered":"http:\/\/www.malekysice.cz\/?page_id=765"},"modified":"2023-10-25T11:15:09","modified_gmt":"2023-10-25T11:15:09","slug":"rok-2008","status":"publish","type":"page","link":"http:\/\/www.malekysice.cz\/?page_id=765","title":{"rendered":"Rok 2008"},"content":{"rendered":"<p><a href=\"http:\/\/www.malekysice.cz\/wp-content\/uploads\/2012\/04\/Maloky\u0161ick\u00e9-ozv\u011bny-ro\u010d.II_2008-\u010d.1-681.pdf\">Maloky\u0161ick\u00e9 ozv\u011bny \u010d.1 (68)<\/a><\/p>\n<p><a href=\"http:\/\/www.malekysice.cz\/wp-content\/uploads\/2012\/04\/Maloky\u0161ick\u00e9-ozv\u011bny-ro\u010d.II_2008-\u010d.2-69.pdf\">Maloky\u0161ick\u00e9 ozv\u011bny \u010d.2 (69)<\/a><\/p>\n<p><a href=\"http:\/\/www.malekysice.cz\/wp-content\/uploads\/2012\/04\/Maloky\u0161ick\u00e9-ozv\u011bny-ro\u010d.II_2008-\u010d.3-70.pdf\">Maloky\u0161ick\u00e9 ozv\u011bny \u010d.3 (70)<\/a><\/p>\n<p><a href=\"http:\/\/www.malekysice.cz\/wp-content\/uploads\/2012\/04\/Maloky\u0161ick\u00e9-ozv\u011bny-ro\u010d.II_2008-\u010d.4-71.pdf\">Maloky\u0161ick\u00e9 ozv\u011bny \u010d.4 (71)<\/a>&nbsp;a&nbsp;<a href=\"http:\/\/www.malekysice.cz\/wp-content\/uploads\/2012\/04\/Maloky\u0161ick\u00fd-volebn\u00ed-speci\u00e1l-k-ro\u010d.II_2008-\u010d.4.pdf\">Volebn\u00ed speci\u00e1l k \u010d.4<\/a><\/p>\n<p><a href=\"http:\/\/www.malekysice.cz\/wp-content\/uploads\/2012\/04\/Maloky\u0161ick\u00e9-ozv\u011bny-ro\u010d.II_2008-\u010d.5-72.pdf\">Maloky\u0161ick\u00e9 ozv\u011bny \u010d.5 (72)<\/a><\/p>\n<p><a href=\"http:\/\/www.malekysice.cz\/wp-content\/uploads\/2012\/04\/Maloky\u0161ick\u00e9-ozv\u011bny-ro\u010d.II_2008-\u010d.6-73.pdf\">Maloky\u0161ick\u00e9 ozv\u011bny \u010d.6 (73)<\/a><\/p>\n<p>&nbsp;<\/p>\n","protected":false},"excerpt":{"rendered":"<p>Maloky\u0161ick\u00e9 ozv\u011bny \u010d.1 (68) Maloky\u0161ick\u00e9 ozv\u011bny \u010d.2 (69) Maloky\u0161ick\u00e9 ozv\u011bny \u010d.3 (70) Maloky\u0161ick\u00e9 ozv\u011bny \u010d.4 (71)&nbsp;a&nbsp;Volebn\u00ed speci\u00e1l k \u010d.4 Maloky\u0161ick\u00e9 ozv\u011bny \u010d.5 (72) Maloky\u0161ick\u00e9 ozv\u011bny \u010d.6 (73) &nbsp;<\/p>\n","protected":false},"author":1,"featured_media":0,"parent":2,"menu_order":0,"comment_status":"closed","ping_status":"open","template":"","meta":[],"_links":{"self":[{"href":"http:\/\/www.malekysice.cz\/index.php?rest_route=\/wp\/v2\/pages\/765"}],"collection":[{"href":"http:\/\/www.malekysice.cz\/index.php?rest_route=\/wp\/v2\/pages"}],"about":[{"href":"http:\/\/www.malekysice.cz\/index.php?rest_route=\/wp\/v2\/types\/page"}],"author":[{"embeddable":true,"href":"http:\/\/www.malekysice.cz\/index.php?rest_route=\/wp\/v2\/users\/1"}],"replies":[{"embeddable":true,"href":"http:\/\/www.malekysice.cz\/index.php?rest_route=%2Fwp%2Fv2%2Fcomments&post=765"}],"version-history":[{"count":5,"href":"http:\/\/www.malekysice.cz\/index.php?rest_route=\/wp\/v2\/pages\/765\/revisions"}],"predecessor-version":[{"id":4358,"href":"http:\/\/www.malekysice.cz\/index.php?rest_route=\/wp\/v2\/pages\/765\/revisions\/4358"}],"up":[{"embeddable":true,"href":"http:\/\/www.malekysice.cz\/index.php?rest_route=\/wp\/v2\/pages\/2"}],"wp:attachment":[{"href":"http:\/\/www.malekysice.cz\/index.php?rest_route=%2Fwp%2Fv2%2Fmedia&parent=765"}],"curies":[{"name":"wp","href":"https:\/\/api.w.org\/{rel}","templated":true}]}}