{"id":709,"date":"2012-09-10T20:15:22","date_gmt":"2012-09-10T20:15:22","guid":{"rendered":"http:\/\/www.malekysice.cz\/?page_id=709"},"modified":"2023-10-25T11:14:58","modified_gmt":"2023-10-25T11:14:58","slug":"rok-2007","status":"publish","type":"page","link":"http:\/\/www.malekysice.cz\/?page_id=709","title":{"rendered":"Rok 2007"},"content":{"rendered":"<p><a href=\"http:\/\/www.malekysice.cz\/wp-content\/uploads\/2012\/04\/Maloky\u0161ick\u00e9-ozv\u011bny-\u010d.0.pdf\">Maloky\u0161ick\u00e9 ozv\u011bny \u010d.0<\/a><\/p>\n<p><a href=\"http:\/\/www.malekysice.cz\/wp-content\/uploads\/2012\/04\/Maloky\u0161ick\u00e9-ozv\u011bny-ro\u010d.I_2007-\u010d.1-631.pdf\">Maloky\u0161ick\u00e9 ozv\u011bny \u010d.1 (63)<\/a><\/p>\n<p><a href=\"http:\/\/www.malekysice.cz\/wp-content\/uploads\/2012\/04\/Maloky\u0161ick\u00e9-ozv\u011bny-ro\u010d.I_2007-\u010d.2-64.pdf\">Maloky\u0161ick\u00e9 ozv\u011bny \u010d.2 (64)<\/a><\/p>\n<p><a href=\"http:\/\/www.malekysice.cz\/wp-content\/uploads\/2012\/04\/Maloky\u0161ick\u00e9-ozv\u011bny-ro\u010d.I_2007-\u010d.3-65.pdf\">Maloky\u0161ick\u00e9 ozv\u011bny \u010d.3 (65)<\/a><\/p>\n<p><a href=\"http:\/\/www.malekysice.cz\/wp-content\/uploads\/2012\/04\/Maloky\u0161ick\u00e9-ozv\u011bny-ro\u010d.I_2007-\u010d.4-66.pdf\">Maloky\u0161ick\u00e9 ozv\u011bny \u010d.4 (66)<\/a><\/p>\n<p><a href=\"http:\/\/www.malekysice.cz\/wp-content\/uploads\/2012\/04\/Maloky\u0161ick\u00e9-ozv\u011bny-ro\u010d.I_2007-\u010d.5-67.pdf\">Maloky\u0161ick\u00e9 ozv\u011bny \u010d.5 (67)<\/a><\/p>\n","protected":false},"excerpt":{"rendered":"<p>Maloky\u0161ick\u00e9 ozv\u011bny \u010d.0 Maloky\u0161ick\u00e9 ozv\u011bny \u010d.1 (63) Maloky\u0161ick\u00e9 ozv\u011bny \u010d.2 (64) Maloky\u0161ick\u00e9 ozv\u011bny \u010d.3 (65) Maloky\u0161ick\u00e9 ozv\u011bny \u010d.4 (66) Maloky\u0161ick\u00e9 ozv\u011bny \u010d.5 (67)<\/p>\n","protected":false},"author":1,"featured_media":0,"parent":2,"menu_order":0,"comment_status":"closed","ping_status":"open","template":"","meta":[],"_links":{"self":[{"href":"http:\/\/www.malekysice.cz\/index.php?rest_route=\/wp\/v2\/pages\/709"}],"collection":[{"href":"http:\/\/www.malekysice.cz\/index.php?rest_route=\/wp\/v2\/pages"}],"about":[{"href":"http:\/\/www.malekysice.cz\/index.php?rest_route=\/wp\/v2\/types\/page"}],"author":[{"embeddable":true,"href":"http:\/\/www.malekysice.cz\/index.php?rest_route=\/wp\/v2\/users\/1"}],"replies":[{"embeddable":true,"href":"http:\/\/www.malekysice.cz\/index.php?rest_route=%2Fwp%2Fv2%2Fcomments&post=709"}],"version-history":[{"count":3,"href":"http:\/\/www.malekysice.cz\/index.php?rest_route=\/wp\/v2\/pages\/709\/revisions"}],"predecessor-version":[{"id":4357,"href":"http:\/\/www.malekysice.cz\/index.php?rest_route=\/wp\/v2\/pages\/709\/revisions\/4357"}],"up":[{"embeddable":true,"href":"http:\/\/www.malekysice.cz\/index.php?rest_route=\/wp\/v2\/pages\/2"}],"wp:attachment":[{"href":"http:\/\/www.malekysice.cz\/index.php?rest_route=%2Fwp%2Fv2%2Fmedia&parent=709"}],"curies":[{"name":"wp","href":"https:\/\/api.w.org\/{rel}","templated":true}]}}