{"id":632,"date":"2012-09-10T10:56:58","date_gmt":"2012-09-10T10:56:58","guid":{"rendered":"http:\/\/www.malekysice.cz\/?page_id=632"},"modified":"2023-10-27T11:41:56","modified_gmt":"2023-10-27T11:41:56","slug":"organy-obce","status":"publish","type":"page","link":"http:\/\/www.malekysice.cz\/?page_id=632","title":{"rendered":"Org\u00e1ny obce"},"content":{"rendered":"<p><strong><span style=\"text-decoration: underline; color: #333333;\">Starosta obce:<\/span><\/strong><\/p>\n<ul>\n<li>Mgr. Miroslav Oliverius<\/li>\n<\/ul>\n<p><span style=\"text-decoration: underline;\"><strong>M\u00edstostarosta obce:<\/strong><\/span><\/p>\n<ul>\n<li>David Rehberger<\/li>\n<\/ul>\n<p><strong><span style=\"text-decoration: underline; color: #333333;\">\u010clenov\u00e9 zastupitelstva:<\/span><\/strong><\/p>\n<ul>\n<li>Kate\u0159ina Bl\u00e1hov\u00e1, DiS.<\/li>\n<li>Jaroslav Brejcha<\/li>\n<li>Milan Kratochv\u00edl<\/li>\n<li>Lada Kverkov\u00e1<\/li>\n<\/ul>\n<p><strong>Finan\u010dn\u00ed v\u00fdbor:<\/strong><\/p>\n<ul>\n<li>Milan Kratochv\u00edl &#8211; p\u0159edseda<\/li>\n<li>Jaroslav Brejcha &#8211; \u010dlen<\/li>\n<li>Martina \u0160nedorfov\u00e1 &#8211; \u010dlen<\/li>\n<\/ul>\n<p><strong>Kontroln\u00ed v\u00fdbor:<\/strong><\/p>\n<ul>\n<li>Lada Kverkov\u00e1 &#8211; p\u0159edseda<\/li>\n<li>Kate\u0159ina Bl\u00e1hov\u00e1, DiS. &#8211; \u010dlen<\/li>\n<li>David Herbst &#8211; \u010dlen<\/li>\n<\/ul>\n<p><span style=\"color: #333333;\"><strong><span style=\"font-size: inherit;\">Kronik\u00e1\u0159 obce:<\/span><\/strong><\/span><\/p>\n<ul>\n<li><span style=\"font-size: inherit;\">Mgr. Miroslav Oliverius<\/span><\/li>\n<\/ul>\n\n\n<p><\/p>\n","protected":false},"excerpt":{"rendered":"<p>Starosta obce: Mgr. Miroslav Oliverius M\u00edstostarosta obce: David Rehberger \u010clenov\u00e9 zastupitelstva: Kate\u0159ina Bl\u00e1hov\u00e1, DiS. Jaroslav Brejcha Milan Kratochv\u00edl Lada Kverkov\u00e1 Finan\u010dn\u00ed v\u00fdbor: Milan Kratochv\u00edl &#8211; p\u0159edseda Jaroslav Brejcha &#8211; \u010dlen&hellip;<\/p>\n","protected":false},"author":1,"featured_media":0,"parent":12,"menu_order":0,"comment_status":"closed","ping_status":"closed","template":"","meta":[],"_links":{"self":[{"href":"http:\/\/www.malekysice.cz\/index.php?rest_route=\/wp\/v2\/pages\/632"}],"collection":[{"href":"http:\/\/www.malekysice.cz\/index.php?rest_route=\/wp\/v2\/pages"}],"about":[{"href":"http:\/\/www.malekysice.cz\/index.php?rest_route=\/wp\/v2\/types\/page"}],"author":[{"embeddable":true,"href":"http:\/\/www.malekysice.cz\/index.php?rest_route=\/wp\/v2\/users\/1"}],"replies":[{"embeddable":true,"href":"http:\/\/www.malekysice.cz\/index.php?rest_route=%2Fwp%2Fv2%2Fcomments&post=632"}],"version-history":[{"count":104,"href":"http:\/\/www.malekysice.cz\/index.php?rest_route=\/wp\/v2\/pages\/632\/revisions"}],"predecessor-version":[{"id":4451,"href":"http:\/\/www.malekysice.cz\/index.php?rest_route=\/wp\/v2\/pages\/632\/revisions\/4451"}],"up":[{"embeddable":true,"href":"http:\/\/www.malekysice.cz\/index.php?rest_route=\/wp\/v2\/pages\/12"}],"wp:attachment":[{"href":"http:\/\/www.malekysice.cz\/index.php?rest_route=%2Fwp%2Fv2%2Fmedia&parent=632"}],"curies":[{"name":"wp","href":"https:\/\/api.w.org\/{rel}","templated":true}]}}