{"id":623,"date":"2012-09-12T01:01:34","date_gmt":"2012-09-12T01:01:34","guid":{"rendered":"http:\/\/www.malekysice.cz\/?page_id=623"},"modified":"2012-09-12T01:01:34","modified_gmt":"2012-09-12T01:01:34","slug":"o-webu","status":"publish","type":"page","link":"http:\/\/www.malekysice.cz\/?page_id=623","title":{"rendered":"O webu"},"content":{"rendered":"<p><strong>Prohl\u00e1\u0161en\u00ed o p\u0159\u00edstupnosti webu<\/strong><\/p>\n<p>Tato webov\u00e1 prezentace obce Mal\u00e9 Ky\u0161ice je vytvo\u0159ena s ohledem na maxim\u00e1ln\u00ed p\u0159\u00edstupnost obsahu. Spl\u0148uje v\u0161echny d\u016fle\u017eit\u00e9 z\u00e1sady p\u0159\u00edstupnosti podle Pravidel p\u0159\u00edstupnosti pro weby ve\u0159ejn\u00e9 spr\u00e1vy dle vyhl\u00e1\u0161ky \u010d. 64\/2008 Sb.\u00a0Ministerstva vnitra<\/p>\n<p>Uspo\u0159\u00e1d\u00e1n\u00ed a ovl\u00e1d\u00e1n\u00ed str\u00e1nek je navr\u017eeno tak, aby str\u00e1nky byly dostupn\u00e9 jak pro alternativn\u00ed prohl\u00ed\u017ee\u010de, tak i pro osoby se specifick\u00fdmi pot\u0159ebami. N\u011bkter\u00e9 texty nejsou definov\u00e1ny v relativn\u00edch jednotk\u00e1ch. Pro zv\u011bt\u0161en\u00ed je pot\u0159eba pou\u017e\u00edt syst\u00e9mov\u00fdch n\u00e1stroj\u016f (nastaven\u00ed prohl\u00ed\u017ee\u010de).<\/p>\n<p>K\u00f3d str\u00e1nek je vytvo\u0159en v souladu s normou XHTML 1.0 Transitional a pomoc\u00ed kask\u00e1dov\u00fdch styl\u016f CSS. Str\u00e1nky jsou p\u0159\u00edstupn\u00e9 i po vypnut\u00ed Javascriptov\u00fdch funkc\u00ed bez ztr\u00e1ty obsahov\u00e9 a naviga\u010dn\u00ed informace. Obsah je odd\u011blen o struktury str\u00e1nek<\/p>\n<p>N\u011bkter\u00e9 informace na tomto serveru jsou nab\u00edzeny v podob\u011b dokument\u016f form\u00e1tu PDF, a to zejm\u00e9na z takov\u00fdch d\u016fvod\u016f, \u017ee bu\u010f obsahuj\u00ed typografick\u00e9 prvky a form\u00e1tov\u00e1n\u00ed, kter\u00e9 webov\u00fd form\u00e1t nepodporuje, jsou p\u0159\u00edli\u0161 velk\u00e9 a je vhodn\u00e9 jejich sta\u017een\u00ed, nebo slou\u017e\u00ed pro dal\u0161\u00ed zpracov\u00e1n\u00ed. Pro zobrazen\u00ed takov\u00fdch dokument\u016f je t\u0159eba m\u00edt nainstalovan\u00fd prohl\u00ed\u017ee\u010d Adobe Reader, kter\u00fd je zdarma ke sta\u017een\u00ed z internetov\u00e9ho serveru spole\u010dnosti Adobe.<\/p>\n<p>V n\u011bkter\u00fdch p\u0159\u00edpadech je dokument zve\u0159ejn\u011bn ve form\u00e1tu DOC. Takov\u00fdto soubor dok\u00e1\u017ee zobrazit a editovat v\u011bt\u0161ina b\u011b\u017en\u011b pou\u017e\u00edvan\u00fdch textov\u00fdch editor\u016f.<\/p>\n<p>Ve\u0161ker\u00e9 p\u0159ipom\u00ednky \u010di technick\u00e9 nedostatky, na kter\u00e9 naraz\u00edte b\u011bhem u\u017e\u00edv\u00e1n\u00ed tohoto webu sm\u011b\u0159ujte na email ou@malekysice.cz<\/p>\n","protected":false},"excerpt":{"rendered":"<p>Prohl\u00e1\u0161en\u00ed o p\u0159\u00edstupnosti webu Tato webov\u00e1 prezentace obce Mal\u00e9 Ky\u0161ice je vytvo\u0159ena s ohledem na maxim\u00e1ln\u00ed p\u0159\u00edstupnost obsahu. Spl\u0148uje v\u0161echny d\u016fle\u017eit\u00e9 z\u00e1sady p\u0159\u00edstupnosti podle Pravidel p\u0159\u00edstupnosti pro weby ve\u0159ejn\u00e9 spr\u00e1vy&hellip;<\/p>\n","protected":false},"author":1,"featured_media":0,"parent":0,"menu_order":0,"comment_status":"open","ping_status":"open","template":"","meta":[],"_links":{"self":[{"href":"http:\/\/www.malekysice.cz\/index.php?rest_route=\/wp\/v2\/pages\/623"}],"collection":[{"href":"http:\/\/www.malekysice.cz\/index.php?rest_route=\/wp\/v2\/pages"}],"about":[{"href":"http:\/\/www.malekysice.cz\/index.php?rest_route=\/wp\/v2\/types\/page"}],"author":[{"embeddable":true,"href":"http:\/\/www.malekysice.cz\/index.php?rest_route=\/wp\/v2\/users\/1"}],"replies":[{"embeddable":true,"href":"http:\/\/www.malekysice.cz\/index.php?rest_route=%2Fwp%2Fv2%2Fcomments&post=623"}],"version-history":[{"count":2,"href":"http:\/\/www.malekysice.cz\/index.php?rest_route=\/wp\/v2\/pages\/623\/revisions"}],"predecessor-version":[{"id":935,"href":"http:\/\/www.malekysice.cz\/index.php?rest_route=\/wp\/v2\/pages\/623\/revisions\/935"}],"wp:attachment":[{"href":"http:\/\/www.malekysice.cz\/index.php?rest_route=%2Fwp%2Fv2%2Fmedia&parent=623"}],"curies":[{"name":"wp","href":"https:\/\/api.w.org\/{rel}","templated":true}]}}