{"id":6,"date":"2012-05-02T20:07:58","date_gmt":"2012-05-02T20:07:58","guid":{"rendered":"http:\/\/www.malekysice.cz\/?page_id=6"},"modified":"2023-10-26T10:21:35","modified_gmt":"2023-10-26T10:21:35","slug":"uredni-deska","status":"publish","type":"page","link":"http:\/\/www.malekysice.cz\/?page_id=6","title":{"rendered":"\u00da\u0159edn\u00ed deska"},"content":{"rendered":"<p>\u00da\u0159edn\u00ed deska obce Mal\u00e9 Ky\u0161ice je um\u00edst\u011bna zde:&nbsp;<a href=\"http:\/\/malekysice.imunis.cz\/edeska\/\" target=\"_blank\" rel=\"noopener\">http:\/\/malekysice.imunis.cz\/edeska\/<\/a><\/p>\n","protected":false},"excerpt":{"rendered":"<p>\u00da\u0159edn\u00ed deska obce Mal\u00e9 Ky\u0161ice je um\u00edst\u011bna zde:&nbsp;http:\/\/malekysice.imunis.cz\/edeska\/<\/p>\n","protected":false},"author":1,"featured_media":0,"parent":10,"menu_order":0,"comment_status":"closed","ping_status":"closed","template":"","meta":[],"_links":{"self":[{"href":"http:\/\/www.malekysice.cz\/index.php?rest_route=\/wp\/v2\/pages\/6"}],"collection":[{"href":"http:\/\/www.malekysice.cz\/index.php?rest_route=\/wp\/v2\/pages"}],"about":[{"href":"http:\/\/www.malekysice.cz\/index.php?rest_route=\/wp\/v2\/types\/page"}],"author":[{"embeddable":true,"href":"http:\/\/www.malekysice.cz\/index.php?rest_route=\/wp\/v2\/users\/1"}],"replies":[{"embeddable":true,"href":"http:\/\/www.malekysice.cz\/index.php?rest_route=%2Fwp%2Fv2%2Fcomments&post=6"}],"version-history":[{"count":5,"href":"http:\/\/www.malekysice.cz\/index.php?rest_route=\/wp\/v2\/pages\/6\/revisions"}],"predecessor-version":[{"id":4393,"href":"http:\/\/www.malekysice.cz\/index.php?rest_route=\/wp\/v2\/pages\/6\/revisions\/4393"}],"up":[{"embeddable":true,"href":"http:\/\/www.malekysice.cz\/index.php?rest_route=\/wp\/v2\/pages\/10"}],"wp:attachment":[{"href":"http:\/\/www.malekysice.cz\/index.php?rest_route=%2Fwp%2Fv2%2Fmedia&parent=6"}],"curies":[{"name":"wp","href":"https:\/\/api.w.org\/{rel}","templated":true}]}}