{"id":5258,"date":"2025-12-31T14:36:06","date_gmt":"2025-12-31T14:36:06","guid":{"rendered":"http:\/\/www.malekysice.cz\/?page_id=5258"},"modified":"2026-03-11T17:46:09","modified_gmt":"2026-03-11T17:46:09","slug":"rok-2026","status":"publish","type":"page","link":"http:\/\/www.malekysice.cz\/?page_id=5258","title":{"rendered":"Rok 2026"},"content":{"rendered":"\n<div class=\"wp-block-file\"><a href=\"http:\/\/www.malekysice.cz\/wp-content\/uploads\/2026\/01\/Malokysicke-ozveny-c.-1_2026.pdf\">Maloky\u0161ick\u00e9 ozv\u011bny \u010d. 1\/2026 (158)<\/a><a href=\"http:\/\/www.malekysice.cz\/wp-content\/uploads\/2026\/01\/Malokysicke-ozveny-c.-1_2026.pdf\" class=\"wp-block-file__button\" download>St\u00e1hnout<\/a><\/div>\n\n\n\n<div class=\"wp-block-file\"><a href=\"http:\/\/www.malekysice.cz\/wp-content\/uploads\/2026\/03\/Malokysicke-ozveny-c.-2_2026.pdf\">Maloky\u0161ick\u00e9 ozv\u011bny \u010d. 2\/2026 (159)<\/a><a href=\"http:\/\/www.malekysice.cz\/wp-content\/uploads\/2026\/03\/Malokysicke-ozveny-c.-2_2026.pdf\" class=\"wp-block-file__button\" download>St\u00e1hnout<\/a><\/div>\n","protected":false},"excerpt":{"rendered":"","protected":false},"author":1,"featured_media":0,"parent":2,"menu_order":0,"comment_status":"closed","ping_status":"closed","template":"","meta":[],"_links":{"self":[{"href":"http:\/\/www.malekysice.cz\/index.php?rest_route=\/wp\/v2\/pages\/5258"}],"collection":[{"href":"http:\/\/www.malekysice.cz\/index.php?rest_route=\/wp\/v2\/pages"}],"about":[{"href":"http:\/\/www.malekysice.cz\/index.php?rest_route=\/wp\/v2\/types\/page"}],"author":[{"embeddable":true,"href":"http:\/\/www.malekysice.cz\/index.php?rest_route=\/wp\/v2\/users\/1"}],"replies":[{"embeddable":true,"href":"http:\/\/www.malekysice.cz\/index.php?rest_route=%2Fwp%2Fv2%2Fcomments&post=5258"}],"version-history":[{"count":3,"href":"http:\/\/www.malekysice.cz\/index.php?rest_route=\/wp\/v2\/pages\/5258\/revisions"}],"predecessor-version":[{"id":5328,"href":"http:\/\/www.malekysice.cz\/index.php?rest_route=\/wp\/v2\/pages\/5258\/revisions\/5328"}],"up":[{"embeddable":true,"href":"http:\/\/www.malekysice.cz\/index.php?rest_route=\/wp\/v2\/pages\/2"}],"wp:attachment":[{"href":"http:\/\/www.malekysice.cz\/index.php?rest_route=%2Fwp%2Fv2%2Fmedia&parent=5258"}],"curies":[{"name":"wp","href":"https:\/\/api.w.org\/{rel}","templated":true}]}}