{"id":4912,"date":"2025-01-02T09:24:10","date_gmt":"2025-01-02T09:24:10","guid":{"rendered":"http:\/\/www.malekysice.cz\/?page_id=4912"},"modified":"2025-12-12T11:44:46","modified_gmt":"2025-12-12T11:44:46","slug":"rok-2025","status":"publish","type":"page","link":"http:\/\/www.malekysice.cz\/?page_id=4912","title":{"rendered":"Rok 2025"},"content":{"rendered":"\n<div class=\"wp-block-file\"><a href=\"http:\/\/www.malekysice.cz\/wp-content\/uploads\/2025\/01\/Malokysicke-ozveny-c.-1_2025.pdf\">Maloky\u0161ick\u00e9 ozv\u011bny \u010d. 1\/2025 (154)<\/a><a href=\"http:\/\/www.malekysice.cz\/wp-content\/uploads\/2025\/01\/Malokysicke-ozveny-c.-1_2025.pdf\" class=\"wp-block-file__button\" download>St\u00e1hnout<\/a><\/div>\n\n\n\n<div class=\"wp-block-file\"><a href=\"http:\/\/www.malekysice.cz\/wp-content\/uploads\/2025\/04\/Malokysicke-ozveny-c.-2_2025.pdf\">Maloky\u0161ick\u00e9 ozv\u011bny \u010d. 2\/2025 (155)<\/a><a href=\"http:\/\/www.malekysice.cz\/wp-content\/uploads\/2025\/04\/Malokysicke-ozveny-c.-2_2025.pdf\" class=\"wp-block-file__button\" download>St\u00e1hnout<\/a><\/div>\n\n\n\n<div class=\"wp-block-file\"><a href=\"http:\/\/www.malekysice.cz\/wp-content\/uploads\/2025\/09\/Malokysicke-ozveny-c.3-2025.pdf\">Maloky\u0161ick\u00e9 ozv\u011bny \u010d. 3\/2025 (156)<\/a><a href=\"http:\/\/www.malekysice.cz\/wp-content\/uploads\/2025\/09\/Malokysicke-ozveny-c.3-2025.pdf\" class=\"wp-block-file__button\" download>St\u00e1hnout<\/a><\/div>\n\n\n\n<div class=\"wp-block-file\"><a href=\"http:\/\/www.malekysice.cz\/wp-content\/uploads\/2025\/11\/Malokysicke-ozveny-c.-4_2025.pdf\">Maloky\u0161ick\u00e9 ozv\u011bny \u010d. 4\/2025 (157)<\/a><a href=\"http:\/\/www.malekysice.cz\/wp-content\/uploads\/2025\/11\/Malokysicke-ozveny-c.-4_2025.pdf\" class=\"wp-block-file__button\" download>St\u00e1hnout<\/a><\/div>\n\n\n\n<div class=\"wp-block-file\"><a href=\"http:\/\/www.malekysice.cz\/wp-content\/uploads\/2025\/12\/Navrh-zapisu-do-kroniky-obce-za-rok-2024.pdf\">N\u00e1vrh z\u00e1pisu do kroniky obce za rok 2024<\/a><a href=\"http:\/\/www.malekysice.cz\/wp-content\/uploads\/2025\/12\/Navrh-zapisu-do-kroniky-obce-za-rok-2024.pdf\" class=\"wp-block-file__button\" download>St\u00e1hnout<\/a><\/div>\n","protected":false},"excerpt":{"rendered":"","protected":false},"author":1,"featured_media":0,"parent":2,"menu_order":0,"comment_status":"closed","ping_status":"closed","template":"","meta":[],"_links":{"self":[{"href":"http:\/\/www.malekysice.cz\/index.php?rest_route=\/wp\/v2\/pages\/4912"}],"collection":[{"href":"http:\/\/www.malekysice.cz\/index.php?rest_route=\/wp\/v2\/pages"}],"about":[{"href":"http:\/\/www.malekysice.cz\/index.php?rest_route=\/wp\/v2\/types\/page"}],"author":[{"embeddable":true,"href":"http:\/\/www.malekysice.cz\/index.php?rest_route=\/wp\/v2\/users\/1"}],"replies":[{"embeddable":true,"href":"http:\/\/www.malekysice.cz\/index.php?rest_route=%2Fwp%2Fv2%2Fcomments&post=4912"}],"version-history":[{"count":5,"href":"http:\/\/www.malekysice.cz\/index.php?rest_route=\/wp\/v2\/pages\/4912\/revisions"}],"predecessor-version":[{"id":5249,"href":"http:\/\/www.malekysice.cz\/index.php?rest_route=\/wp\/v2\/pages\/4912\/revisions\/5249"}],"up":[{"embeddable":true,"href":"http:\/\/www.malekysice.cz\/index.php?rest_route=\/wp\/v2\/pages\/2"}],"wp:attachment":[{"href":"http:\/\/www.malekysice.cz\/index.php?rest_route=%2Fwp%2Fv2%2Fmedia&parent=4912"}],"curies":[{"name":"wp","href":"https:\/\/api.w.org\/{rel}","templated":true}]}}