{"id":4851,"date":"2024-11-11T11:06:19","date_gmt":"2024-11-11T11:06:19","guid":{"rendered":"http:\/\/www.malekysice.cz\/?page_id=4851"},"modified":"2025-06-05T18:20:55","modified_gmt":"2025-06-05T18:20:55","slug":"poskytnute-informace-dle-zak-c-106-1999-sb-o-svobodnem-pristupu-k-informacim","status":"publish","type":"page","link":"http:\/\/www.malekysice.cz\/?page_id=4851","title":{"rendered":"Poskytnut\u00e9 informace dle z\u00e1k. \u010d. 106\/1999 Sb., o svobodn\u00e9m p\u0159\u00edstupu k informac\u00edm"},"content":{"rendered":"\n<div class=\"wp-block-file\"><a href=\"http:\/\/www.malekysice.cz\/wp-content\/uploads\/2024\/11\/Zadost-o-poskytnuti-informace-ze-dne-21.10.2024-1.pdf\">Zadost-o-poskytnuti-informace-ze-dne-21.10.2024<\/a><a href=\"http:\/\/www.malekysice.cz\/wp-content\/uploads\/2024\/11\/Zadost-o-poskytnuti-informace-ze-dne-21.10.2024-1.pdf\" class=\"wp-block-file__button\" download>St\u00e1hnout<\/a><\/div>\n\n\n\n<div class=\"wp-block-file\"><a href=\"http:\/\/www.malekysice.cz\/wp-content\/uploads\/2024\/11\/Poskytnuti-informace-dne-1.-11.-2024.pdf\">Poskytnuti-informace-dne-1.11.2024<\/a><a href=\"http:\/\/www.malekysice.cz\/wp-content\/uploads\/2024\/11\/Poskytnuti-informace-dne-1.-11.-2024.pdf\" class=\"wp-block-file__button\" download>St\u00e1hnout<\/a><\/div>\n\n\n\n<p>Den zve\u0159ejn\u011bn\u00ed poskytnut\u00e9 informace zp\u016fsobem umo\u017e\u0148uj\u00edc\u00edm d\u00e1lkov\u00fd p\u0159\u00edstup: 11. 11. 2024.<\/p>\n\n\n\n<hr class=\"wp-block-separator\"\/>\n\n\n\n<div class=\"wp-block-file\"><a href=\"http:\/\/www.malekysice.cz\/wp-content\/uploads\/2025\/06\/Zadost-o-poskytnuti-informaci-ze-dne-5.5.2025.pdf\">Zadost-o-poskytnuti-informaci-ze-dne-5.5.2025<\/a><a href=\"http:\/\/www.malekysice.cz\/wp-content\/uploads\/2025\/06\/Zadost-o-poskytnuti-informaci-ze-dne-5.5.2025.pdf\" class=\"wp-block-file__button\" download>St\u00e1hnout<\/a><\/div>\n\n\n\n<div class=\"wp-block-file\"><a href=\"http:\/\/www.malekysice.cz\/wp-content\/uploads\/2025\/06\/Poskytnuti-informaci-30.5.2025.pdf\">Poskytnuti-informaci-30.5.2025<\/a><a href=\"http:\/\/www.malekysice.cz\/wp-content\/uploads\/2025\/06\/Poskytnuti-informaci-30.5.2025.pdf\" class=\"wp-block-file__button\" download>St\u00e1hnout<\/a><\/div>\n\n\n\n<div class=\"wp-block-file\"><a href=\"http:\/\/www.malekysice.cz\/wp-content\/uploads\/2025\/06\/Priloha-1a.pdf\">Priloha-1a<\/a><a href=\"http:\/\/www.malekysice.cz\/wp-content\/uploads\/2025\/06\/Priloha-1a.pdf\" class=\"wp-block-file__button\" download>St\u00e1hnout<\/a><\/div>\n\n\n\n<div class=\"wp-block-file\"><a href=\"http:\/\/www.malekysice.cz\/wp-content\/uploads\/2025\/06\/Priloha-1aa.pdf\">Priloha-1aa<\/a><a href=\"http:\/\/www.malekysice.cz\/wp-content\/uploads\/2025\/06\/Priloha-1aa.pdf\" class=\"wp-block-file__button\" download>St\u00e1hnout<\/a><\/div>\n\n\n\n<div class=\"wp-block-file\"><a href=\"http:\/\/www.malekysice.cz\/wp-content\/uploads\/2025\/06\/Priloha-1ab.pdf\">Priloha-1ab<\/a><a href=\"http:\/\/www.malekysice.cz\/wp-content\/uploads\/2025\/06\/Priloha-1ab.pdf\" class=\"wp-block-file__button\" download>St\u00e1hnout<\/a><\/div>\n\n\n\n<div class=\"wp-block-file\"><a href=\"http:\/\/www.malekysice.cz\/wp-content\/uploads\/2025\/06\/Priloha-1b.pdf\">Priloha-1b<\/a><a href=\"http:\/\/www.malekysice.cz\/wp-content\/uploads\/2025\/06\/Priloha-1b.pdf\" class=\"wp-block-file__button\" download>St\u00e1hnout<\/a><\/div>\n\n\n\n<div class=\"wp-block-file\"><a href=\"http:\/\/www.malekysice.cz\/wp-content\/uploads\/2025\/06\/Priloha-1ba.pdf\">Priloha-1ba<\/a><a href=\"http:\/\/www.malekysice.cz\/wp-content\/uploads\/2025\/06\/Priloha-1ba.pdf\" class=\"wp-block-file__button\" download>St\u00e1hnout<\/a><\/div>\n\n\n\n<div class=\"wp-block-file\"><a href=\"http:\/\/www.malekysice.cz\/wp-content\/uploads\/2025\/06\/Priloha-2aa_TDI-a-BOZP-SoPS.pdf\">Priloha-2aa_TDI-a-BOZP-SoPS<\/a><a href=\"http:\/\/www.malekysice.cz\/wp-content\/uploads\/2025\/06\/Priloha-2aa_TDI-a-BOZP-SoPS.pdf\" class=\"wp-block-file__button\" download>St\u00e1hnout<\/a><\/div>\n\n\n\n<div class=\"wp-block-file\"><a href=\"http:\/\/www.malekysice.cz\/wp-content\/uploads\/2025\/06\/Priloha-2ab_TDI-a-BOZP-Dodatek-c.1-k-SoPS.pdf\">Priloha-2ab_TDI-a-BOZP-Dodatek-c.1-k-SoPS<\/a><a href=\"http:\/\/www.malekysice.cz\/wp-content\/uploads\/2025\/06\/Priloha-2ab_TDI-a-BOZP-Dodatek-c.1-k-SoPS.pdf\" class=\"wp-block-file__button\" download>St\u00e1hnout<\/a><\/div>\n\n\n\n<div class=\"wp-block-file\"><a href=\"http:\/\/www.malekysice.cz\/wp-content\/uploads\/2025\/06\/Priloha-2ba_Novostavba-MS-Male-Kysice-vc.priloh-SoD-2.pdf\">Priloha-2ba_Novostavba-MS-Male-Kysice-vc.priloh-SoD<\/a><a href=\"http:\/\/www.malekysice.cz\/wp-content\/uploads\/2025\/06\/Priloha-2ba_Novostavba-MS-Male-Kysice-vc.priloh-SoD-2.pdf\" class=\"wp-block-file__button\" download>St\u00e1hnout<\/a><\/div>\n\n\n\n<div class=\"wp-block-file\"><a href=\"http:\/\/www.malekysice.cz\/wp-content\/uploads\/2025\/06\/Priloha-2bb_Novostavba-MS-Male-Kysice-Dodatek-c.1-k-SoD.pdf\">Priloha-2bb_Novostavba-MS-Male-Kysice-Dodatek-c.1-k-SoD<\/a><a href=\"http:\/\/www.malekysice.cz\/wp-content\/uploads\/2025\/06\/Priloha-2bb_Novostavba-MS-Male-Kysice-Dodatek-c.1-k-SoD.pdf\" class=\"wp-block-file__button\" download>St\u00e1hnout<\/a><\/div>\n\n\n\n<div class=\"wp-block-file\"><a href=\"http:\/\/www.malekysice.cz\/wp-content\/uploads\/2025\/06\/Priloha-2bc_Novostavba-MS-Male-Kysice-Dodatek-c.2-k-SoD.pdf\">Priloha-2bc_Novostavba-MS-Male-Kysice-Dodatek-c.2-k-SoD<\/a><a href=\"http:\/\/www.malekysice.cz\/wp-content\/uploads\/2025\/06\/Priloha-2bc_Novostavba-MS-Male-Kysice-Dodatek-c.2-k-SoD.pdf\" class=\"wp-block-file__button\" download>St\u00e1hnout<\/a><\/div>\n\n\n\n<div class=\"wp-block-file\"><a href=\"http:\/\/www.malekysice.cz\/wp-content\/uploads\/2025\/06\/Priloha-2bd_Novostavba-MS-Male-Kysice-Priloha-c.1-k-Dodatku-c.2-prehled-vicepraci.pdf\">Priloha-2bd_Novostavba-MS-Male-Kysice-Priloha-c.1-k-Dodatku-c.2-prehled-vicepraci<\/a><a href=\"http:\/\/www.malekysice.cz\/wp-content\/uploads\/2025\/06\/Priloha-2bd_Novostavba-MS-Male-Kysice-Priloha-c.1-k-Dodatku-c.2-prehled-vicepraci.pdf\" class=\"wp-block-file__button\" download>St\u00e1hnout<\/a><\/div>\n\n\n\n<div class=\"wp-block-file\"><a href=\"http:\/\/www.malekysice.cz\/wp-content\/uploads\/2025\/06\/Priloha-2be_Novostavba-MS-Male-Kysice-Priloha-c.2-k-Dodatku-c.2-prehled-menepraci.pdf\">Priloha-2be_Novostavba-MS-Male-Kysice-Priloha-c.2-k-Dodatku-c.2-prehled-menepraci<\/a><a href=\"http:\/\/www.malekysice.cz\/wp-content\/uploads\/2025\/06\/Priloha-2be_Novostavba-MS-Male-Kysice-Priloha-c.2-k-Dodatku-c.2-prehled-menepraci.pdf\" class=\"wp-block-file__button\" download>St\u00e1hnout<\/a><\/div>\n\n\n\n<div class=\"wp-block-file\"><a href=\"http:\/\/www.malekysice.cz\/wp-content\/uploads\/2025\/06\/Priloha-2bf_Novostavba-MS-Male-Kysice-Dodatek-c.3-k-SoD.pdf\">Priloha-2bf_Novostavba-MS-Male-Kysice-Dodatek-c.3-k-SoD<\/a><a href=\"http:\/\/www.malekysice.cz\/wp-content\/uploads\/2025\/06\/Priloha-2bf_Novostavba-MS-Male-Kysice-Dodatek-c.3-k-SoD.pdf\" class=\"wp-block-file__button\" download>St\u00e1hnout<\/a><\/div>\n\n\n\n<div class=\"wp-block-file\"><a href=\"http:\/\/www.malekysice.cz\/wp-content\/uploads\/2025\/06\/Priloha-2bg_Novostavba-MS-Male-Kysice-Priloha-c.1-k-Dodatku-c.3-prehled-vicepraci.pdf\">Priloha-2bg_Novostavba-MS-Male-Kysice-Priloha-c.1-k-Dodatku-c.3-prehled-vicepraci<\/a><a href=\"http:\/\/www.malekysice.cz\/wp-content\/uploads\/2025\/06\/Priloha-2bg_Novostavba-MS-Male-Kysice-Priloha-c.1-k-Dodatku-c.3-prehled-vicepraci.pdf\" class=\"wp-block-file__button\" download>St\u00e1hnout<\/a><\/div>\n\n\n\n<div class=\"wp-block-file\"><a href=\"http:\/\/www.malekysice.cz\/wp-content\/uploads\/2025\/06\/Priloha-2bh_Novostavba-MS-Male-Kysice-Priloha-c.2-k-Dodatku-c.3-prehled-menepraci.pdf\">Priloha-2bh_Novostavba-MS-Male-Kysice-Priloha-c.2-k-Dodatku-c.3-prehled-menepraci<\/a><a href=\"http:\/\/www.malekysice.cz\/wp-content\/uploads\/2025\/06\/Priloha-2bh_Novostavba-MS-Male-Kysice-Priloha-c.2-k-Dodatku-c.3-prehled-menepraci.pdf\" class=\"wp-block-file__button\" download>St\u00e1hnout<\/a><\/div>\n\n\n\n<div class=\"wp-block-file\"><a href=\"http:\/\/www.malekysice.cz\/wp-content\/uploads\/2025\/06\/Priloha-2cb_Oprava-prijezdove-komunikace-k-MS-Dodatek-c.1-k-SoD.pdf\">Priloha-2cb_Oprava-prijezdove-komunikace-k-MS-Dodatek-c.1-k-SoD<\/a><a href=\"http:\/\/www.malekysice.cz\/wp-content\/uploads\/2025\/06\/Priloha-2cb_Oprava-prijezdove-komunikace-k-MS-Dodatek-c.1-k-SoD.pdf\" class=\"wp-block-file__button\" download>St\u00e1hnout<\/a><\/div>\n\n\n\n<div class=\"wp-block-file\"><a href=\"http:\/\/www.malekysice.cz\/wp-content\/uploads\/2025\/06\/Priloha-2da_Zahrada-MS-Male-Kysice-SoD.pdf\">Priloha-2da_Zahrada-MS-Male-Kysice-SoD<\/a><a href=\"http:\/\/www.malekysice.cz\/wp-content\/uploads\/2025\/06\/Priloha-2da_Zahrada-MS-Male-Kysice-SoD.pdf\" class=\"wp-block-file__button\" download>St\u00e1hnout<\/a><\/div>\n\n\n\n<div class=\"wp-block-file\"><a href=\"http:\/\/www.malekysice.cz\/wp-content\/uploads\/2025\/06\/Priloha-2db_Zahrada-MS-Male-Kysice-Dodatek-c.-1-k-SoD.pdf\">Priloha-2db_Zahrada-MS-Male-Kysice-Dodatek-c.-1-k-SoD<\/a><a href=\"http:\/\/www.malekysice.cz\/wp-content\/uploads\/2025\/06\/Priloha-2db_Zahrada-MS-Male-Kysice-Dodatek-c.-1-k-SoD.pdf\" class=\"wp-block-file__button\" download>St\u00e1hnout<\/a><\/div>\n\n\n\n<div class=\"wp-block-file\"><a href=\"http:\/\/www.malekysice.cz\/wp-content\/uploads\/2025\/06\/Priloha-3a_cj.OV_4573_19-4_Dv-18.12.2019.pdf\">Priloha-3a_cj.OV_4573_19-4_Dv-18.12.2019<\/a><a href=\"http:\/\/www.malekysice.cz\/wp-content\/uploads\/2025\/06\/Priloha-3a_cj.OV_4573_19-4_Dv-18.12.2019.pdf\" class=\"wp-block-file__button\" download>St\u00e1hnout<\/a><\/div>\n\n\n\n<div class=\"wp-block-file\"><a href=\"http:\/\/www.malekysice.cz\/wp-content\/uploads\/2025\/06\/Priloha-3b_cj.OZP_8720_19-3-30.12.2019-.pdf\">Priloha-3b_cj.OZP_8720_19-3-30.12.2019-<\/a><a href=\"http:\/\/www.malekysice.cz\/wp-content\/uploads\/2025\/06\/Priloha-3b_cj.OZP_8720_19-3-30.12.2019-.pdf\" class=\"wp-block-file__button\" download>St\u00e1hnout<\/a><\/div>\n\n\n\n<div class=\"wp-block-file\"><a href=\"http:\/\/www.malekysice.cz\/wp-content\/uploads\/2025\/06\/Priloha-3c_cj.OZP_8720_19-4-16.1.2020.pdf\">Priloha-3c_cj.OZP_8720_19-4-16.1.2020<\/a><a href=\"http:\/\/www.malekysice.cz\/wp-content\/uploads\/2025\/06\/Priloha-3c_cj.OZP_8720_19-4-16.1.2020.pdf\" class=\"wp-block-file__button\" download>St\u00e1hnout<\/a><\/div>\n\n\n\n<div class=\"wp-block-file\"><a href=\"http:\/\/www.malekysice.cz\/wp-content\/uploads\/2025\/06\/Priloha-3d_cj.MU-0112_20_Vyst-30.12.2019.pdf\">Priloha-3d_cj.MU-0112_20_Vyst-30.12.2019<\/a><a href=\"http:\/\/www.malekysice.cz\/wp-content\/uploads\/2025\/06\/Priloha-3d_cj.MU-0112_20_Vyst-30.12.2019.pdf\" class=\"wp-block-file__button\" download>St\u00e1hnout<\/a><\/div>\n\n\n\n<div class=\"wp-block-file\"><a href=\"http:\/\/www.malekysice.cz\/wp-content\/uploads\/2025\/06\/Priloha-3e_cj.OV_3135_20-4_Dv-9.9.2020.pdf\">Priloha-3e_cj.OV_3135_20-4_Dv-9.9.2020<\/a><a href=\"http:\/\/www.malekysice.cz\/wp-content\/uploads\/2025\/06\/Priloha-3e_cj.OV_3135_20-4_Dv-9.9.2020.pdf\" class=\"wp-block-file__button\" download>St\u00e1hnout<\/a><\/div>\n\n\n\n<div class=\"wp-block-file\"><a href=\"http:\/\/www.malekysice.cz\/wp-content\/uploads\/2025\/06\/Priloha-3f_cj.MU-3954_20_Vyst-10.9.2020.pdf\">Priloha-3f_cj.MU-3954_20_Vyst-10.9.2020<\/a><a href=\"http:\/\/www.malekysice.cz\/wp-content\/uploads\/2025\/06\/Priloha-3f_cj.MU-3954_20_Vyst-10.9.2020.pdf\" class=\"wp-block-file__button\" download>St\u00e1hnout<\/a><\/div>\n\n\n\n<div class=\"wp-block-file\"><a href=\"http:\/\/www.malekysice.cz\/wp-content\/uploads\/2025\/06\/Priloha-4a_Protokol-o-pravidelne-revizi-rozvodu-plynovodu-a-plyn.spotrebicu-13.6.2022.pdf\">Priloha-4a_Protokol-o-pravidelne-revizi-rozvodu-plynovodu-a-plyn.spotrebicu-13.6.2022<\/a><a href=\"http:\/\/www.malekysice.cz\/wp-content\/uploads\/2025\/06\/Priloha-4a_Protokol-o-pravidelne-revizi-rozvodu-plynovodu-a-plyn.spotrebicu-13.6.2022.pdf\" class=\"wp-block-file__button\" download>St\u00e1hnout<\/a><\/div>\n\n\n\n<div class=\"wp-block-file\"><a href=\"http:\/\/www.malekysice.cz\/wp-content\/uploads\/2025\/06\/Priloha-4b_Zprava-o-revizi-tlakove-nadoby-stabilni-20.6.2022.pdf\">Priloha-4b_Zprava-o-revizi-tlakove-nadoby-stabilni-20.6.2022<\/a><a href=\"http:\/\/www.malekysice.cz\/wp-content\/uploads\/2025\/06\/Priloha-4b_Zprava-o-revizi-tlakove-nadoby-stabilni-20.6.2022.pdf\" class=\"wp-block-file__button\" download>St\u00e1hnout<\/a><\/div>\n\n\n\n<div class=\"wp-block-file\"><a href=\"http:\/\/www.malekysice.cz\/wp-content\/uploads\/2025\/06\/Priloha-4c_Zprava-o-provedeni-kontroly-a-cisteni-spalinove-cesty-4.9.2022.pdf\">Priloha-4c_Zprava-o-provedeni-kontroly-a-cisteni-spalinove-cesty-4.9.2022<\/a><a href=\"http:\/\/www.malekysice.cz\/wp-content\/uploads\/2025\/06\/Priloha-4c_Zprava-o-provedeni-kontroly-a-cisteni-spalinove-cesty-4.9.2022.pdf\" class=\"wp-block-file__button\" download>St\u00e1hnout<\/a><\/div>\n\n\n\n<div class=\"wp-block-file\"><a href=\"http:\/\/www.malekysice.cz\/wp-content\/uploads\/2025\/06\/Priloha-4d_Zapis-o-rocni-kontrole-plynovych-spotrebicu-4.9.2022.pdf\">Priloha-4d_Zapis-o-rocni-kontrole-plynovych-spotrebicu-4.9.2022<\/a><a href=\"http:\/\/www.malekysice.cz\/wp-content\/uploads\/2025\/06\/Priloha-4d_Zapis-o-rocni-kontrole-plynovych-spotrebicu-4.9.2022.pdf\" class=\"wp-block-file__button\" download>St\u00e1hnout<\/a><\/div>\n\n\n\n<div class=\"wp-block-file\"><a href=\"http:\/\/www.malekysice.cz\/wp-content\/uploads\/2025\/06\/Priloha-4e_Zprava-o-revizi-LPS-15.2.2023.pdf\">Priloha-4e_Zprava-o-revizi-LPS-15.2.2023<\/a><a href=\"http:\/\/www.malekysice.cz\/wp-content\/uploads\/2025\/06\/Priloha-4e_Zprava-o-revizi-LPS-15.2.2023.pdf\" class=\"wp-block-file__button\" download>St\u00e1hnout<\/a><\/div>\n\n\n\n<div class=\"wp-block-file\"><a href=\"http:\/\/www.malekysice.cz\/wp-content\/uploads\/2025\/06\/Priloha-4f_Protokol-o-kontrole-Nouzoveho-osvetleni-25.2.2023.pdf\">Priloha-4f_Protokol-o-kontrole-Nouzoveho-osvetleni-25.2.2023<\/a><a href=\"http:\/\/www.malekysice.cz\/wp-content\/uploads\/2025\/06\/Priloha-4f_Protokol-o-kontrole-Nouzoveho-osvetleni-25.2.2023.pdf\" class=\"wp-block-file__button\" download>St\u00e1hnout<\/a><\/div>\n\n\n\n<div class=\"wp-block-file\"><a href=\"http:\/\/www.malekysice.cz\/wp-content\/uploads\/2025\/06\/Priloha-4g_Zprava-o-revizi-elektricke-instalace-25.2.2023.pdf\">Priloha-4g_Zprava-o-revizi-elektricke-instalace-25.2.2023<\/a><a href=\"http:\/\/www.malekysice.cz\/wp-content\/uploads\/2025\/06\/Priloha-4g_Zprava-o-revizi-elektricke-instalace-25.2.2023.pdf\" class=\"wp-block-file__button\" download>St\u00e1hnout<\/a><\/div>\n\n\n\n<div class=\"wp-block-file\"><a href=\"http:\/\/www.malekysice.cz\/wp-content\/uploads\/2025\/06\/Priloha-4h_Zprava-o-revizi-tlakove-nadoby-stabilni-22.6.2023.pdf\">Priloha-4h_Zprava-o-revizi-tlakove-nadoby-stabilni-22.6.2023<\/a><a href=\"http:\/\/www.malekysice.cz\/wp-content\/uploads\/2025\/06\/Priloha-4h_Zprava-o-revizi-tlakove-nadoby-stabilni-22.6.2023.pdf\" class=\"wp-block-file__button\" download>St\u00e1hnout<\/a><\/div>\n\n\n\n<div class=\"wp-block-file\"><a href=\"http:\/\/www.malekysice.cz\/wp-content\/uploads\/2025\/06\/Priloha-4i_Protokol-o-pravidelne-revizi-rozvodu-plynovodu-a-plyn.spotrebicu-18.7.2023.pdf\">Priloha-4i_Protokol-o-pravidelne-revizi-rozvodu-plynovodu-a-plyn.spotrebicu-18.7.2023<\/a><a href=\"http:\/\/www.malekysice.cz\/wp-content\/uploads\/2025\/06\/Priloha-4i_Protokol-o-pravidelne-revizi-rozvodu-plynovodu-a-plyn.spotrebicu-18.7.2023.pdf\" class=\"wp-block-file__button\" download>St\u00e1hnout<\/a><\/div>\n\n\n\n<div class=\"wp-block-file\"><a href=\"http:\/\/www.malekysice.cz\/wp-content\/uploads\/2025\/06\/Priloha-4j_Zprava-o-provedeni-kontroly-a-cisteni-spalinove-cesty-24.7.2023.pdf\">Priloha-4j_Zprava-o-provedeni-kontroly-a-cisteni-spalinove-cesty-24.7.2023<\/a><a href=\"http:\/\/www.malekysice.cz\/wp-content\/uploads\/2025\/06\/Priloha-4j_Zprava-o-provedeni-kontroly-a-cisteni-spalinove-cesty-24.7.2023.pdf\" class=\"wp-block-file__button\" download>St\u00e1hnout<\/a><\/div>\n\n\n\n<div class=\"wp-block-file\"><a href=\"http:\/\/www.malekysice.cz\/wp-content\/uploads\/2025\/06\/Priloha-4k_Protokol-o-kontrole-Nouzoveho-osvetleni-26.2.2024.pdf\">Priloha-4k_Protokol-o-kontrole-Nouzoveho-osvetleni-26.2.2024<\/a><a href=\"http:\/\/www.malekysice.cz\/wp-content\/uploads\/2025\/06\/Priloha-4k_Protokol-o-kontrole-Nouzoveho-osvetleni-26.2.2024.pdf\" class=\"wp-block-file__button\" download>St\u00e1hnout<\/a><\/div>\n\n\n\n<div class=\"wp-block-file\"><a href=\"http:\/\/www.malekysice.cz\/wp-content\/uploads\/2025\/06\/Priloha-4l_Zprava-o-revizi-tlakove-nadoby-stabilni-14.6.2024.pdf\">Priloha-4l_Zprava-o-revizi-tlakove-nadoby-stabilni-14.6.2024<\/a><a href=\"http:\/\/www.malekysice.cz\/wp-content\/uploads\/2025\/06\/Priloha-4l_Zprava-o-revizi-tlakove-nadoby-stabilni-14.6.2024.pdf\" class=\"wp-block-file__button\" download>St\u00e1hnout<\/a><\/div>\n\n\n\n<div class=\"wp-block-file\"><a href=\"http:\/\/www.malekysice.cz\/wp-content\/uploads\/2025\/06\/Priloha-4m_Zprava-o-revizi-plyn.zarizeni-26.11.2024.pdf\">Priloha-4m_Zprava-o-revizi-plyn.zarizeni-26.11.2024<\/a><a href=\"http:\/\/www.malekysice.cz\/wp-content\/uploads\/2025\/06\/Priloha-4m_Zprava-o-revizi-plyn.zarizeni-26.11.2024.pdf\" class=\"wp-block-file__button\" download>St\u00e1hnout<\/a><\/div>\n\n\n\n<div class=\"wp-block-file\"><a href=\"http:\/\/www.malekysice.cz\/wp-content\/uploads\/2025\/06\/Priloha-4n_Protokol-o-pravidelne-revizi-rozvodu-plynovodu-a-plyn.spotrebicu-27.11.2024.pdf\">Priloha-4n_Protokol-o-pravidelne-revizi-rozvodu-plynovodu-a-plyn.spotrebicu-27.11.2024<\/a><a href=\"http:\/\/www.malekysice.cz\/wp-content\/uploads\/2025\/06\/Priloha-4n_Protokol-o-pravidelne-revizi-rozvodu-plynovodu-a-plyn.spotrebicu-27.11.2024.pdf\" class=\"wp-block-file__button\" download>St\u00e1hnout<\/a><\/div>\n\n\n\n<div class=\"wp-block-file\"><a href=\"http:\/\/www.malekysice.cz\/wp-content\/uploads\/2025\/06\/Priloha-4o_Zprava-o-provedeni-kontroly-a-cisteni-spalinove-cesty-27.11.2024.pdf\">Priloha-4o_Zprava-o-provedeni-kontroly-a-cisteni-spalinove-cesty-27.11.2024<\/a><a href=\"http:\/\/www.malekysice.cz\/wp-content\/uploads\/2025\/06\/Priloha-4o_Zprava-o-provedeni-kontroly-a-cisteni-spalinove-cesty-27.11.2024.pdf\" class=\"wp-block-file__button\" download>St\u00e1hnout<\/a><\/div>\n\n\n\n<p>Den zve\u0159ejn\u011bn\u00ed poskytnut\u00e9 informace zp\u016fsobem umo\u017e\u0148uj\u00edc\u00edm d\u00e1lkov\u00fd p\u0159\u00edstup: 5. 6. 2025<\/p>\n","protected":false},"excerpt":{"rendered":"<p>Den zve\u0159ejn\u011bn\u00ed poskytnut\u00e9 informace zp\u016fsobem umo\u017e\u0148uj\u00edc\u00edm d\u00e1lkov\u00fd p\u0159\u00edstup: 11. 11. 2024. Den zve\u0159ejn\u011bn\u00ed poskytnut\u00e9 informace zp\u016fsobem umo\u017e\u0148uj\u00edc\u00edm d\u00e1lkov\u00fd p\u0159\u00edstup: 5. 6. 2025<\/p>\n","protected":false},"author":1,"featured_media":0,"parent":10,"menu_order":0,"comment_status":"closed","ping_status":"closed","template":"","meta":[],"_links":{"self":[{"href":"http:\/\/www.malekysice.cz\/index.php?rest_route=\/wp\/v2\/pages\/4851"}],"collection":[{"href":"http:\/\/www.malekysice.cz\/index.php?rest_route=\/wp\/v2\/pages"}],"about":[{"href":"http:\/\/www.malekysice.cz\/index.php?rest_route=\/wp\/v2\/types\/page"}],"author":[{"embeddable":true,"href":"http:\/\/www.malekysice.cz\/index.php?rest_route=\/wp\/v2\/users\/1"}],"replies":[{"embeddable":true,"href":"http:\/\/www.malekysice.cz\/index.php?rest_route=%2Fwp%2Fv2%2Fcomments&post=4851"}],"version-history":[{"count":6,"href":"http:\/\/www.malekysice.cz\/index.php?rest_route=\/wp\/v2\/pages\/4851\/revisions"}],"predecessor-version":[{"id":5086,"href":"http:\/\/www.malekysice.cz\/index.php?rest_route=\/wp\/v2\/pages\/4851\/revisions\/5086"}],"up":[{"embeddable":true,"href":"http:\/\/www.malekysice.cz\/index.php?rest_route=\/wp\/v2\/pages\/10"}],"wp:attachment":[{"href":"http:\/\/www.malekysice.cz\/index.php?rest_route=%2Fwp%2Fv2%2Fmedia&parent=4851"}],"curies":[{"name":"wp","href":"https:\/\/api.w.org\/{rel}","templated":true}]}}