{"id":4718,"date":"2024-05-31T10:25:50","date_gmt":"2024-05-31T10:25:50","guid":{"rendered":"http:\/\/www.malekysice.cz\/?page_id=4718"},"modified":"2024-08-13T09:26:39","modified_gmt":"2024-08-13T09:26:39","slug":"volnocasovy-areal","status":"publish","type":"page","link":"http:\/\/www.malekysice.cz\/?page_id=4718","title":{"rendered":"Volno\u010dasov\u00fd are\u00e1l"},"content":{"rendered":"\n<p>Volno\u010dasov\u00fd are\u00e1l obce Mal\u00e9 Ky\u0161ice se nach\u00e1z\u00ed v ulici Spojovac\u00ed vedle budovy Mate\u0159sk\u00e9 \u0161koly Mal\u00e9 Ky\u0161ice (\u010d. p. 198).<\/p>\n\n\n\n<p>Are\u00e1l zahrnuje v\u00edce\u00fa\u010delov\u00e9 h\u0159i\u0161t\u011b s um\u011bl\u00fdm povrchem, d\u011btsk\u00e9 h\u0159i\u0161t\u011b &#8222;Na louce&#8220; s hern\u00edmi prvky pro d\u011bti a in-line dr\u00e1hu v\u010d. z\u00e1zem\u00ed.<\/p>\n\n\n\n<p><strong>V\u00edce\u00fa\u010delov\u00e9 h\u0159i\u0161t\u011b<\/strong> slou\u017e\u00ed zejm\u00e9na k m\u00ed\u010dov\u00fdm hr\u00e1m \u2013 volejbal, basketbal, nohejbal, tenis a neparametrov\u00e1 mal\u00e1 kopan\u00e1.<\/p>\n\n\n\n<p>Are\u00e1l je otev\u0159en\u00fd denn\u011b v n\u00ed\u017ee uveden\u00fdch \u010dasech:<\/p>\n\n\n\n<figure class=\"wp-block-table\"><table><tbody><tr><td>duben &#8211; srpen<\/td><td>8.00 \u2013 21.00 hodin<\/td><\/tr><tr><td>z\u00e1\u0159\u00ed \u2013 \u0159\u00edjen<\/td><td>9.00 \u2013 19.00 hodin<\/td><\/tr><tr><td>listopad \u2013 prosinec<\/td><td>9.00 \u2013 16.00 hodin<\/td><\/tr><tr><td>leden \u2013 b\u0159ezen<\/td><td>9.00 \u2013 17.00 hodin<\/td><\/tr><\/tbody><\/table><\/figure>\n\n\n\n<p><\/p>\n\n\n\n<p>U\u017eivatel\u00e9 are\u00e1lu jsou povinni \u0159\u00eddit se schv\u00e1len\u00fdm provozn\u00edm \u0159\u00e1dem.<\/p>\n\n\n\n<div class=\"wp-block-file\"><a href=\"http:\/\/www.malekysice.cz\/wp-content\/uploads\/2024\/05\/Provozni-rad-volnocasoveho-arealu-platny-od-1.6.2024.pdf\">Provozn\u00ed \u0159\u00e1d volno\u010dasov\u00e9ho are\u00e1lu platn\u00fd od 1.6.2024<\/a><a href=\"http:\/\/www.malekysice.cz\/wp-content\/uploads\/2024\/05\/Provozni-rad-volnocasoveho-arealu-platny-od-1.6.2024.pdf\" class=\"wp-block-file__button\" download>St\u00e1hnout<\/a><\/div>\n","protected":false},"excerpt":{"rendered":"<p>Volno\u010dasov\u00fd are\u00e1l obce Mal\u00e9 Ky\u0161ice se nach\u00e1z\u00ed v ulici Spojovac\u00ed vedle budovy Mate\u0159sk\u00e9 \u0161koly Mal\u00e9 Ky\u0161ice (\u010d. p. 198). Are\u00e1l zahrnuje v\u00edce\u00fa\u010delov\u00e9 h\u0159i\u0161t\u011b s um\u011bl\u00fdm povrchem, d\u011btsk\u00e9 h\u0159i\u0161t\u011b &#8222;Na louce&#8220;&hellip;<\/p>\n","protected":false},"author":1,"featured_media":0,"parent":4387,"menu_order":0,"comment_status":"closed","ping_status":"closed","template":"","meta":[],"_links":{"self":[{"href":"http:\/\/www.malekysice.cz\/index.php?rest_route=\/wp\/v2\/pages\/4718"}],"collection":[{"href":"http:\/\/www.malekysice.cz\/index.php?rest_route=\/wp\/v2\/pages"}],"about":[{"href":"http:\/\/www.malekysice.cz\/index.php?rest_route=\/wp\/v2\/types\/page"}],"author":[{"embeddable":true,"href":"http:\/\/www.malekysice.cz\/index.php?rest_route=\/wp\/v2\/users\/1"}],"replies":[{"embeddable":true,"href":"http:\/\/www.malekysice.cz\/index.php?rest_route=%2Fwp%2Fv2%2Fcomments&post=4718"}],"version-history":[{"count":6,"href":"http:\/\/www.malekysice.cz\/index.php?rest_route=\/wp\/v2\/pages\/4718\/revisions"}],"predecessor-version":[{"id":4783,"href":"http:\/\/www.malekysice.cz\/index.php?rest_route=\/wp\/v2\/pages\/4718\/revisions\/4783"}],"up":[{"embeddable":true,"href":"http:\/\/www.malekysice.cz\/index.php?rest_route=\/wp\/v2\/pages\/4387"}],"wp:attachment":[{"href":"http:\/\/www.malekysice.cz\/index.php?rest_route=%2Fwp%2Fv2%2Fmedia&parent=4718"}],"curies":[{"name":"wp","href":"https:\/\/api.w.org\/{rel}","templated":true}]}}