{"id":4559,"date":"2024-01-01T17:57:55","date_gmt":"2024-01-01T17:57:55","guid":{"rendered":"http:\/\/www.malekysice.cz\/?page_id=4559"},"modified":"2024-12-03T11:55:05","modified_gmt":"2024-12-03T11:55:05","slug":"rok-2024","status":"publish","type":"page","link":"http:\/\/www.malekysice.cz\/?page_id=4559","title":{"rendered":"Rok 2024"},"content":{"rendered":"\n<div class=\"wp-block-file\"><a href=\"http:\/\/www.malekysice.cz\/wp-content\/uploads\/2024\/01\/Malokysicke-ozveny-c.1_2024-1.pdf\">Maloky\u0161ick\u00e9 ozv\u011bny \u010d. 1\/2024 (149)<\/a><a href=\"http:\/\/www.malekysice.cz\/wp-content\/uploads\/2024\/01\/Malokysicke-ozveny-c.1_2024-1.pdf\" class=\"wp-block-file__button\" download>St\u00e1hnout<\/a><\/div>\n\n\n\n<div class=\"wp-block-file\"><a href=\"http:\/\/www.malekysice.cz\/wp-content\/uploads\/2024\/03\/Malokysicke-ozveny-c.-2_2024.pdf\">Maloky\u0161ick\u00e9 ozv\u011bny \u010d. 2\/2024 (150)<\/a><a href=\"http:\/\/www.malekysice.cz\/wp-content\/uploads\/2024\/03\/Malokysicke-ozveny-c.-2_2024.pdf\" class=\"wp-block-file__button\" download>St\u00e1hnout<\/a><\/div>\n\n\n\n<div class=\"wp-block-file\"><a href=\"http:\/\/www.malekysice.cz\/wp-content\/uploads\/2024\/05\/Malokysicke-ozveny-c.-3_2024.pdf\">Maloky\u0161ick\u00e9 ozv\u011bny \u010d. 3\/2024 (151)<\/a><a href=\"http:\/\/www.malekysice.cz\/wp-content\/uploads\/2024\/05\/Malokysicke-ozveny-c.-3_2024.pdf\" class=\"wp-block-file__button\" download>St\u00e1hnout<\/a><\/div>\n\n\n\n<div class=\"wp-block-file\"><a href=\"http:\/\/www.malekysice.cz\/wp-content\/uploads\/2024\/09\/Malokysicke-ozveny-c.-4_2024-1.pdf\">Maloky\u0161ick\u00e9 ozv\u011bny \u010d. 4\/2024 (152)<\/a><a href=\"http:\/\/www.malekysice.cz\/wp-content\/uploads\/2024\/09\/Malokysicke-ozveny-c.-4_2024-1.pdf\" class=\"wp-block-file__button\" download>St\u00e1hnout<\/a><\/div>\n\n\n\n<div class=\"wp-block-file\"><a href=\"http:\/\/www.malekysice.cz\/wp-content\/uploads\/2024\/11\/Malokysicke-ozveny-c.-5_2024.pdf\">Maloky\u0161ick\u00e9 ozv\u011bny \u010d. 5\/2024 (153)<\/a><a href=\"http:\/\/www.malekysice.cz\/wp-content\/uploads\/2024\/11\/Malokysicke-ozveny-c.-5_2024.pdf\" class=\"wp-block-file__button\" download>St\u00e1hnout<\/a><\/div>\n\n\n\n<div class=\"wp-block-file\"><a href=\"http:\/\/www.malekysice.cz\/wp-content\/uploads\/2024\/12\/Navrh-zapisu-do-kroniky-obce-za-rok-2023.pdf\">N\u00e1vrh z\u00e1pisu do kroniky obce za rok 2023<\/a><a href=\"http:\/\/www.malekysice.cz\/wp-content\/uploads\/2024\/12\/Navrh-zapisu-do-kroniky-obce-za-rok-2023.pdf\" class=\"wp-block-file__button\" download>St\u00e1hnout<\/a><\/div>\n","protected":false},"excerpt":{"rendered":"","protected":false},"author":1,"featured_media":0,"parent":2,"menu_order":1,"comment_status":"closed","ping_status":"closed","template":"","meta":[],"_links":{"self":[{"href":"http:\/\/www.malekysice.cz\/index.php?rest_route=\/wp\/v2\/pages\/4559"}],"collection":[{"href":"http:\/\/www.malekysice.cz\/index.php?rest_route=\/wp\/v2\/pages"}],"about":[{"href":"http:\/\/www.malekysice.cz\/index.php?rest_route=\/wp\/v2\/types\/page"}],"author":[{"embeddable":true,"href":"http:\/\/www.malekysice.cz\/index.php?rest_route=\/wp\/v2\/users\/1"}],"replies":[{"embeddable":true,"href":"http:\/\/www.malekysice.cz\/index.php?rest_route=%2Fwp%2Fv2%2Fcomments&post=4559"}],"version-history":[{"count":8,"href":"http:\/\/www.malekysice.cz\/index.php?rest_route=\/wp\/v2\/pages\/4559\/revisions"}],"predecessor-version":[{"id":4898,"href":"http:\/\/www.malekysice.cz\/index.php?rest_route=\/wp\/v2\/pages\/4559\/revisions\/4898"}],"up":[{"embeddable":true,"href":"http:\/\/www.malekysice.cz\/index.php?rest_route=\/wp\/v2\/pages\/2"}],"wp:attachment":[{"href":"http:\/\/www.malekysice.cz\/index.php?rest_route=%2Fwp%2Fv2%2Fmedia&parent=4559"}],"curies":[{"name":"wp","href":"https:\/\/api.w.org\/{rel}","templated":true}]}}