{"id":4464,"date":"2023-10-29T20:48:11","date_gmt":"2023-10-29T20:48:11","guid":{"rendered":"http:\/\/www.malekysice.cz\/?page_id=4464"},"modified":"2023-10-29T20:48:11","modified_gmt":"2023-10-29T20:48:11","slug":"mobilni-rozhlas-v-obci-male-kysice","status":"publish","type":"page","link":"http:\/\/www.malekysice.cz\/?page_id=4464","title":{"rendered":"Mobiln\u00ed rozhlas v obci Mal\u00e9 Ky\u0161ice"},"content":{"rendered":"\n<p>V\u00e1\u017een\u00ed ob\u010dan\u00e9, v\u00a0r\u00e1mci modernizace komunikace s\u00a0v\u00e1mi jsme zavedli syst\u00e9m pro tzv. SMART komunikaci &#8211;\u00a0<a href=\"https:\/\/malekysice.munipolis.cz\" target=\"_blank\" rel=\"noreferrer noopener\">Mobiln\u00ed Rozhlas<\/a>. D\u00edky tomuto syst\u00e9mu v\u00e1m budou ty nejd\u016fle\u017eit\u011bj\u0161\u00ed informace z\u00a0na\u0161\u00ed samospr\u00e1vy doru\u010deny p\u0159\u00edmo do\u00a0va\u0161eho telefonu a\u00a0nic v\u00e1m tak neunikne, a\u0165 budete kdekoliv.<\/p>\n\n\n\n<p><strong><a href=\"https:\/\/malekysice.munipolis.cz\/registrace\">Registrovat se<\/a>\u00a0<\/strong>\u00a0 \u00a0 \u00a0 \u00a0 \u00a0 \u00a0\u00a0\u00a0<strong><a rel=\"noreferrer noopener\" href=\"https:\/\/malekysice.munipolis.cz\" target=\"_blank\">Mobiln\u00ed rozhlas -Mal\u00e9 Ky\u0161ice<\/a><\/strong><\/p>\n\n\n\n<p>Co v\u00e1m Mobiln\u00ed Rozhlas p\u0159inese?<\/p>\n\n\n\n<ul><li>Informace p\u0159\u00edmo do&nbsp;va\u0161eho telefonu (SMS, e-maily, zpr\u00e1vy do&nbsp;mobiln\u00ed aplikace)<\/li><li>Informace o&nbsp;v\u00fdpadc\u00edch energi\u00ed, kultu\u0159e, ale i&nbsp;ztracen\u00fdch zv\u00ed\u0159atech a&nbsp;lidech<\/li><li>Syst\u00e9m je vhodn\u00fd i&nbsp;pro seniory a&nbsp;slabozrak\u00e9 ob\u010dany!<\/li><li>Pom\u00e1h\u00e1 \u0159e\u0161it \u010dern\u00e9 skl\u00e1dky a&nbsp;z\u00e1vady&nbsp;<\/li><li>Mo\u017en\u00e9 zapojen\u00ed a&nbsp;zp\u011btn\u00e9 vazby p\u0159es ankety<\/li><\/ul>\n\n\n\n<figure class=\"wp-block-embed is-type-rich is-provider-obsluzna-rutina-kodu-pro-vlozeni wp-block-embed-obsluzna-rutina-kodu-pro-vlozeni wp-embed-aspect-16-9 wp-has-aspect-ratio\"><div class=\"wp-block-embed__wrapper\">\n<iframe loading=\"lazy\" title=\"Mobiln\u00ed Rozhlas v\u00e1m zjednodu\u0161\u00ed \u017eivot!\" width=\"560\" height=\"315\" src=\"https:\/\/www.youtube.com\/embed\/jRrE3jhW9bA?feature=oembed\" frameborder=\"0\" allow=\"accelerometer; autoplay; clipboard-write; encrypted-media; gyroscope; picture-in-picture; web-share\" allowfullscreen><\/iframe>\n<\/div><\/figure>\n\n\n\n<h2>Pro\u010d a&nbsp;jak se registrovat?<\/h2>\n\n\n\n<p>P\u0159i registraci si m\u016f\u017eete nastavit p\u0159esn\u011b typ informac\u00ed, kter\u00e9 v\u00e1s zaj\u00edmaj\u00ed a&nbsp;tak\u00e9 ulici \u010di ulice, kde bydl\u00edte, kde bydl\u00ed va\u0161e rodi\u010de nebo m\u00e1te s\u00eddlo spole\u010dnosti.<\/p>\n\n\n\n<p>Dozv\u00edte se tak nap\u0159\u00edklad v\u010das o&nbsp;v\u00fdpadc\u00edch energi\u00ed, blokov\u00e9m \u010di\u0161t\u011bn\u00ed, poplatc\u00edch, hav\u00e1rii vody \u010di kulturn\u00edch ud\u00e1lostech.<\/p>\n\n\n\n<p><strong><a href=\"https:\/\/malekysice.munipolis.cz\/registrace\" target=\"_blank\" rel=\"noreferrer noopener\">Zaregistrujte se<\/a><\/strong>\u00a0a\u00a0nezme\u0161k\u00e1te d\u016fle\u017eit\u00e9 informace, kter\u00e9 v\u00e1m zjednodu\u0161\u00ed \u017eivot.\u00a0<strong>Slu\u017eba je zdarma!<\/strong><\/p>\n\n\n\n<p><em>Registrovat se m\u016f\u017eete tak\u00e9 p\u0159\u00edmo na&nbsp;na\u0161em \u00fa\u0159adu &#8211; r\u00e1di v\u00e1m pom\u016f\u017eeme.<\/em><\/p>\n\n\n\n<h2>St\u00e1hn\u011bte si tak\u00e9 aplikaci na\u0161\u00ed samospr\u00e1vy<\/h2>\n\n\n\n<p>Sou\u010d\u00e1st\u00ed syst\u00e9mu je i&nbsp;stejnojmenn\u00e1 aplikace Mobiln\u00ed Rozhlas. S&nbsp;aplikac\u00ed budete m\u00edt v\u0161echny informace a&nbsp;kontakty kdykoli p\u0159i ruce. D\u00edky u\u017eite\u010dn\u00fdm funkc\u00edm jako je nahla\u0161ov\u00e1n\u00ed podn\u011bt\u016f, zv\u00ed\u0159ec\u00ed detektiv nebo p\u00e1tr\u00e1n\u00ed po&nbsp;poh\u0159e\u0161ovan\u00fdch osob\u00e1ch m\u016f\u017eete pomoci sv\u00e9mu okol\u00ed a&nbsp;v&nbsp;p\u0159\u00edpad\u011b nouze aplikace m\u016f\u017ee pomoci i&nbsp;v\u00e1m!<\/p>\n\n\n\n<p><a href=\"https:\/\/play.google.com\/store\/apps\/details?id=com.neogenia.zlepseme_cesko\" target=\"_blank\" rel=\"noreferrer noopener\">St\u00e1hnout pro Android<\/a><\/p>\n\n\n\n<figure class=\"wp-block-image\"><img src=\"https:\/\/www.lesonice.cz\/resources\/upload\/data\/631_podstranka-na-webhtmle04614b13434f922.png\" alt=\"\"\/><\/figure>\n\n\n\n<p>Aplikace i&nbsp;syst\u00e9m funguje v&nbsp;r\u00e1mci cel\u00e9 \u010cR. M\u016f\u017eete tedy nastavit odb\u011br informace i&nbsp;z&nbsp;jin\u00fdch zapojen\u00fdch samospr\u00e1v nebo nahla\u0161ovat podn\u011bty v&nbsp;cel\u00e9 \u010cR<\/p>\n","protected":false},"excerpt":{"rendered":"<p>V\u00e1\u017een\u00ed ob\u010dan\u00e9, v\u00a0r\u00e1mci modernizace komunikace s\u00a0v\u00e1mi jsme zavedli syst\u00e9m pro tzv. SMART komunikaci &#8211;\u00a0Mobiln\u00ed Rozhlas. D\u00edky tomuto syst\u00e9mu v\u00e1m budou ty nejd\u016fle\u017eit\u011bj\u0161\u00ed informace z\u00a0na\u0161\u00ed samospr\u00e1vy doru\u010deny p\u0159\u00edmo do\u00a0va\u0161eho telefonu a\u00a0nic&hellip;<\/p>\n","protected":false},"author":1,"featured_media":0,"parent":0,"menu_order":0,"comment_status":"closed","ping_status":"closed","template":"","meta":[],"_links":{"self":[{"href":"http:\/\/www.malekysice.cz\/index.php?rest_route=\/wp\/v2\/pages\/4464"}],"collection":[{"href":"http:\/\/www.malekysice.cz\/index.php?rest_route=\/wp\/v2\/pages"}],"about":[{"href":"http:\/\/www.malekysice.cz\/index.php?rest_route=\/wp\/v2\/types\/page"}],"author":[{"embeddable":true,"href":"http:\/\/www.malekysice.cz\/index.php?rest_route=\/wp\/v2\/users\/1"}],"replies":[{"embeddable":true,"href":"http:\/\/www.malekysice.cz\/index.php?rest_route=%2Fwp%2Fv2%2Fcomments&post=4464"}],"version-history":[{"count":1,"href":"http:\/\/www.malekysice.cz\/index.php?rest_route=\/wp\/v2\/pages\/4464\/revisions"}],"predecessor-version":[{"id":4466,"href":"http:\/\/www.malekysice.cz\/index.php?rest_route=\/wp\/v2\/pages\/4464\/revisions\/4466"}],"wp:attachment":[{"href":"http:\/\/www.malekysice.cz\/index.php?rest_route=%2Fwp%2Fv2%2Fmedia&parent=4464"}],"curies":[{"name":"wp","href":"https:\/\/api.w.org\/{rel}","templated":true}]}}