{"id":4434,"date":"2023-10-26T11:38:43","date_gmt":"2023-10-26T11:38:43","guid":{"rendered":"http:\/\/www.malekysice.cz\/?page_id=4434"},"modified":"2023-10-26T11:42:21","modified_gmt":"2023-10-26T11:42:21","slug":"svazek-obci-krivoklatska","status":"publish","type":"page","link":"http:\/\/www.malekysice.cz\/?page_id=4434","title":{"rendered":"Svazek obc\u00ed K\u0159ivokl\u00e1tska"},"content":{"rendered":"\n<p>Ofici\u00e1ln\u00ed webov\u00e9 str\u00e1nky svazku: <a rel=\"noreferrer noopener\" href=\"https:\/\/svazek-krivoklatska.cz\/\" target=\"_blank\">Svazek obc\u00ed K\u0159ivokl\u00e1tska<\/a><\/p>\n\n\n\n<p>Ob\u010dansk\u00e1 iniciativa: <a rel=\"noreferrer noopener\" href=\"https:\/\/www.otevrenekrivoklatsko.cz\/\" target=\"_blank\">Otev\u0159en\u00e9 K\u0159ivokl\u00e1tsko<\/a><\/p>\n","protected":false},"excerpt":{"rendered":"<p>Ofici\u00e1ln\u00ed webov\u00e9 str\u00e1nky svazku: Svazek obc\u00ed K\u0159ivokl\u00e1tska Ob\u010dansk\u00e1 iniciativa: Otev\u0159en\u00e9 K\u0159ivokl\u00e1tsko<\/p>\n","protected":false},"author":1,"featured_media":0,"parent":4387,"menu_order":0,"comment_status":"closed","ping_status":"closed","template":"","meta":[],"_links":{"self":[{"href":"http:\/\/www.malekysice.cz\/index.php?rest_route=\/wp\/v2\/pages\/4434"}],"collection":[{"href":"http:\/\/www.malekysice.cz\/index.php?rest_route=\/wp\/v2\/pages"}],"about":[{"href":"http:\/\/www.malekysice.cz\/index.php?rest_route=\/wp\/v2\/types\/page"}],"author":[{"embeddable":true,"href":"http:\/\/www.malekysice.cz\/index.php?rest_route=\/wp\/v2\/users\/1"}],"replies":[{"embeddable":true,"href":"http:\/\/www.malekysice.cz\/index.php?rest_route=%2Fwp%2Fv2%2Fcomments&post=4434"}],"version-history":[{"count":2,"href":"http:\/\/www.malekysice.cz\/index.php?rest_route=\/wp\/v2\/pages\/4434\/revisions"}],"predecessor-version":[{"id":4438,"href":"http:\/\/www.malekysice.cz\/index.php?rest_route=\/wp\/v2\/pages\/4434\/revisions\/4438"}],"up":[{"embeddable":true,"href":"http:\/\/www.malekysice.cz\/index.php?rest_route=\/wp\/v2\/pages\/4387"}],"wp:attachment":[{"href":"http:\/\/www.malekysice.cz\/index.php?rest_route=%2Fwp%2Fv2%2Fmedia&parent=4434"}],"curies":[{"name":"wp","href":"https:\/\/api.w.org\/{rel}","templated":true}]}}