{"id":4417,"date":"2023-10-26T10:58:48","date_gmt":"2023-10-26T10:58:48","guid":{"rendered":"http:\/\/www.malekysice.cz\/?page_id=4417"},"modified":"2025-07-07T14:37:24","modified_gmt":"2025-07-07T14:37:24","slug":"materska-skola","status":"publish","type":"page","link":"http:\/\/www.malekysice.cz\/?page_id=4417","title":{"rendered":"Mate\u0159sk\u00e1 \u0161kola"},"content":{"rendered":"\n<div class=\"wp-block-columns\">\n<div class=\"wp-block-column\" style=\"flex-basis:33.33%\">\n<figure class=\"wp-block-image size-large\"><a href=\"http:\/\/www.malekysice.cz\/wp-content\/uploads\/2022\/03\/MS-Male-Kysice.jpg\"><img loading=\"lazy\" width=\"548\" height=\"411\" src=\"http:\/\/www.malekysice.cz\/wp-content\/uploads\/2022\/03\/MS-Male-Kysice.jpg\" alt=\"\" class=\"wp-image-4020\" srcset=\"http:\/\/www.malekysice.cz\/wp-content\/uploads\/2022\/03\/MS-Male-Kysice.jpg 548w, http:\/\/www.malekysice.cz\/wp-content\/uploads\/2022\/03\/MS-Male-Kysice-300x225.jpg 300w, http:\/\/www.malekysice.cz\/wp-content\/uploads\/2022\/03\/MS-Male-Kysice-140x105.jpg 140w\" sizes=\"(max-width: 548px) 100vw, 548px\" \/><\/a><\/figure>\n<\/div>\n\n\n\n<div class=\"wp-block-column\" style=\"flex-basis:66.66%\">\n<p><strong>Mate\u0159sk\u00e1 \u0161kola Mal\u00e9 Ky\u0161ice<\/strong> byla zalo\u017eena v roce 2009. B\u011bhem roku 2020 se z p\u016fvodn\u00edho s\u00eddla v pronajat\u00e9m zrekonstruovan\u00e9m rodinn\u00e9m dom\u011b p\u0159est\u011bhovala do nov\u011b vystav\u011bn\u00e9ho obecn\u00edho objektu. \u0160kola m\u00e1 kapacitu&nbsp;24 d\u011bt\u00ed.&nbsp;Z\u0159izovatelem \u0161koly&nbsp;je obec Mal\u00e9 Ky\u0161ice.&nbsp;<\/p>\n\n\n\n<p><strong>Adresa:<\/strong> Mate\u0159sk\u00e1 \u0161kola Mal\u00e9 Ky\u0161ice, Spojovac\u00ed \u010d.p. 198, 273 51 \u00a0Mal\u00e9 Ky\u0161ice<\/p>\n\n\n\n<p><strong>I\u010c:<\/strong>\u00a072041447<\/p>\n\n\n\n<p><strong>Telefon:<\/strong> + 420 602 330 803<\/p>\n\n\n\n<p><strong>E-mail:<\/strong> msmalekysice@seznam.cz<\/p>\n<\/div>\n<\/div>\n\n\n\n<div class=\"wp-block-file\"><a href=\"http:\/\/www.malekysice.cz\/wp-content\/uploads\/2025\/07\/Rozpocet-MS-na-rok-2025a.pdf\">Rozpo\u010det M\u0160 na rok 2025<\/a><a href=\"http:\/\/www.malekysice.cz\/wp-content\/uploads\/2025\/07\/Rozpocet-MS-na-rok-2025a.pdf\" class=\"wp-block-file__button\" download>St\u00e1hnout<\/a><\/div>\n\n\n\n<div class=\"wp-block-file\"><a href=\"http:\/\/www.malekysice.cz\/wp-content\/uploads\/2025\/07\/Strednedoby-vyhled-rozpoctu-MS-na-roky-2026-2027a.pdf\">St\u0159edn\u011bdob\u00fd v\u00fdhled rozpo\u010dtu M\u0160 na roky 2026-2027<\/a><a href=\"http:\/\/www.malekysice.cz\/wp-content\/uploads\/2025\/07\/Strednedoby-vyhled-rozpoctu-MS-na-roky-2026-2027a.pdf\" class=\"wp-block-file__button\" download>St\u00e1hnout<\/a><\/div>\n\n\n\n<div class=\"wp-block-file\"><a href=\"http:\/\/www.malekysice.cz\/wp-content\/uploads\/2025\/07\/Strednedoby-vyhled-rozpoctu-MS-na-roky-2025-2026.pdf\">St\u0159edn\u011bdob\u00fd v\u00fdhled rozpo\u010dtu M\u0160 na roky 2025-2026<\/a><a href=\"http:\/\/www.malekysice.cz\/wp-content\/uploads\/2025\/07\/Strednedoby-vyhled-rozpoctu-MS-na-roky-2025-2026.pdf\" class=\"wp-block-file__button\" download>St\u00e1hnout<\/a><\/div>\n\n\n\n<div class=\"wp-block-file\"><a href=\"http:\/\/www.malekysice.cz\/wp-content\/uploads\/2025\/07\/Stanoveni-mesicni-vyse-uplaty-za-predskolni-vzdelavani-2025_26.pdf\">Stanoven\u00ed m\u011bs\u00ed\u010dn\u00ed v\u00fd\u0161e \u00faplaty za p\u0159ed\u0161koln\u00ed vzd\u011bl\u00e1v\u00e1n\u00ed na \u0161koln\u00ed rok 2025_2026<\/a><a href=\"http:\/\/www.malekysice.cz\/wp-content\/uploads\/2025\/07\/Stanoveni-mesicni-vyse-uplaty-za-predskolni-vzdelavani-2025_26.pdf\" class=\"wp-block-file__button\" download>St\u00e1hnout<\/a><\/div>\n\n\n\n<p><\/p>\n\n\n\n<p><strong>Pro p\u0159echod na ofici\u00e1ln\u00ed str\u00e1nky mate\u0159sk\u00e9 \u0161koly klikn\u011bte <a rel=\"noreferrer noopener\" href=\"http:\/\/msmalekysice.cz\/\" target=\"_blank\">zde<\/a>.<\/strong><\/p>\n","protected":false},"excerpt":{"rendered":"<p>Mate\u0159sk\u00e1 \u0161kola Mal\u00e9 Ky\u0161ice byla zalo\u017eena v roce 2009. B\u011bhem roku 2020 se z p\u016fvodn\u00edho s\u00eddla v pronajat\u00e9m zrekonstruovan\u00e9m rodinn\u00e9m dom\u011b p\u0159est\u011bhovala do nov\u011b vystav\u011bn\u00e9ho obecn\u00edho objektu. \u0160kola m\u00e1 kapacitu&nbsp;24&hellip;<\/p>\n","protected":false},"author":1,"featured_media":0,"parent":4387,"menu_order":0,"comment_status":"closed","ping_status":"closed","template":"","meta":[],"_links":{"self":[{"href":"http:\/\/www.malekysice.cz\/index.php?rest_route=\/wp\/v2\/pages\/4417"}],"collection":[{"href":"http:\/\/www.malekysice.cz\/index.php?rest_route=\/wp\/v2\/pages"}],"about":[{"href":"http:\/\/www.malekysice.cz\/index.php?rest_route=\/wp\/v2\/types\/page"}],"author":[{"embeddable":true,"href":"http:\/\/www.malekysice.cz\/index.php?rest_route=\/wp\/v2\/users\/1"}],"replies":[{"embeddable":true,"href":"http:\/\/www.malekysice.cz\/index.php?rest_route=%2Fwp%2Fv2%2Fcomments&post=4417"}],"version-history":[{"count":7,"href":"http:\/\/www.malekysice.cz\/index.php?rest_route=\/wp\/v2\/pages\/4417\/revisions"}],"predecessor-version":[{"id":5155,"href":"http:\/\/www.malekysice.cz\/index.php?rest_route=\/wp\/v2\/pages\/4417\/revisions\/5155"}],"up":[{"embeddable":true,"href":"http:\/\/www.malekysice.cz\/index.php?rest_route=\/wp\/v2\/pages\/4387"}],"wp:attachment":[{"href":"http:\/\/www.malekysice.cz\/index.php?rest_route=%2Fwp%2Fv2%2Fmedia&parent=4417"}],"curies":[{"name":"wp","href":"https:\/\/api.w.org\/{rel}","templated":true}]}}