{"id":4387,"date":"2023-10-26T10:46:46","date_gmt":"2023-10-26T10:46:46","guid":{"rendered":"http:\/\/www.malekysice.cz\/?page_id=4387"},"modified":"2023-10-30T07:58:57","modified_gmt":"2023-10-30T07:58:57","slug":"zivot-v-obci","status":"publish","type":"page","link":"http:\/\/www.malekysice.cz\/?page_id=4387","title":{"rendered":"\u017divot v obci"},"content":{"rendered":"\n<p><a href=\"http:\/\/www.malekysice.cz\/?page_id=4389\">Kalend\u00e1\u0159 akc\u00ed<\/a><\/p>\n\n\n\n<p><a href=\"http:\/\/www.malekysice.cz\/?page_id=4417\">Mate\u0159sk\u00e1 \u0161kola<\/a><\/p>\n\n\n\n<p><a href=\"http:\/\/www.malekysice.cz\/?page_id=4434\">Svazek obc\u00ed K\u0159ivokl\u00e1tska<\/a><\/p>\n\n\n\n<p><a href=\"http:\/\/www.malekysice.cz\/?page_id=18\">Turistick\u00e9 zaj\u00edmavosti<\/a><\/p>\n\n\n\n<p><\/p>\n","protected":false},"excerpt":{"rendered":"<p>Kalend\u00e1\u0159 akc\u00ed Mate\u0159sk\u00e1 \u0161kola Svazek obc\u00ed K\u0159ivokl\u00e1tska Turistick\u00e9 zaj\u00edmavosti<\/p>\n","protected":false},"author":1,"featured_media":0,"parent":0,"menu_order":0,"comment_status":"closed","ping_status":"closed","template":"","meta":[],"_links":{"self":[{"href":"http:\/\/www.malekysice.cz\/index.php?rest_route=\/wp\/v2\/pages\/4387"}],"collection":[{"href":"http:\/\/www.malekysice.cz\/index.php?rest_route=\/wp\/v2\/pages"}],"about":[{"href":"http:\/\/www.malekysice.cz\/index.php?rest_route=\/wp\/v2\/types\/page"}],"author":[{"embeddable":true,"href":"http:\/\/www.malekysice.cz\/index.php?rest_route=\/wp\/v2\/users\/1"}],"replies":[{"embeddable":true,"href":"http:\/\/www.malekysice.cz\/index.php?rest_route=%2Fwp%2Fv2%2Fcomments&post=4387"}],"version-history":[{"count":3,"href":"http:\/\/www.malekysice.cz\/index.php?rest_route=\/wp\/v2\/pages\/4387\/revisions"}],"predecessor-version":[{"id":4495,"href":"http:\/\/www.malekysice.cz\/index.php?rest_route=\/wp\/v2\/pages\/4387\/revisions\/4495"}],"wp:attachment":[{"href":"http:\/\/www.malekysice.cz\/index.php?rest_route=%2Fwp%2Fv2%2Fmedia&parent=4387"}],"curies":[{"name":"wp","href":"https:\/\/api.w.org\/{rel}","templated":true}]}}