{"id":4191,"date":"2023-01-09T21:16:11","date_gmt":"2023-01-09T21:16:11","guid":{"rendered":"http:\/\/www.malekysice.cz\/?page_id=4191"},"modified":"2023-12-07T11:25:58","modified_gmt":"2023-12-07T11:25:58","slug":"rok-2023","status":"publish","type":"page","link":"http:\/\/www.malekysice.cz\/?page_id=4191","title":{"rendered":"Rok 2023"},"content":{"rendered":"\n<div class=\"wp-block-file\"><a href=\"http:\/\/www.malekysice.cz\/wp-content\/uploads\/2023\/01\/Malokysicke-ozveny-c.-1_2023.pdf\">Maloky\u0161ick\u00e9 ozv\u011bny \u010d. 1\/2023 (142)<\/a><a href=\"http:\/\/www.malekysice.cz\/wp-content\/uploads\/2023\/01\/Malokysicke-ozveny-c.-1_2023.pdf\" class=\"wp-block-file__button\" download>St\u00e1hnout<\/a><\/div>\n\n\n\n<div class=\"wp-block-file\"><a href=\"http:\/\/www.malekysice.cz\/wp-content\/uploads\/2023\/03\/Malokysicke-ozveny-c.2_2023.pdf\">Maloky\u0161ick\u00e9 ozv\u011bny \u010d. 2\/2023 (143)<\/a><a href=\"http:\/\/www.malekysice.cz\/wp-content\/uploads\/2023\/03\/Malokysicke-ozveny-c.2_2023.pdf\" class=\"wp-block-file__button\" download>St\u00e1hnout<\/a><\/div>\n\n\n\n<div class=\"wp-block-file\"><a href=\"http:\/\/www.malekysice.cz\/wp-content\/uploads\/2023\/07\/Malokysicke-ozveny-c.-3_2023.pdf\">Maloky\u0161ick\u00e9 ozv\u011bny \u010d. 3\/2023 (144)<\/a><a href=\"http:\/\/www.malekysice.cz\/wp-content\/uploads\/2023\/07\/Malokysicke-ozveny-c.-3_2023.pdf\" class=\"wp-block-file__button\" download>St\u00e1hnout<\/a><\/div>\n\n\n\n<div class=\"wp-block-file\"><a href=\"http:\/\/www.malekysice.cz\/wp-content\/uploads\/2023\/09\/Malokysicke-ozveny-c.4_2023.pdf\">Maloky\u0161ick\u00e9 ozv\u011bny \u010d. 4\/2023 (145)<\/a><a href=\"http:\/\/www.malekysice.cz\/wp-content\/uploads\/2023\/09\/Malokysicke-ozveny-c.4_2023.pdf\" class=\"wp-block-file__button\" download>St\u00e1hnout<\/a><\/div>\n\n\n\n<div class=\"wp-block-file\"><a href=\"http:\/\/www.malekysice.cz\/wp-content\/uploads\/2023\/10\/Malokysicke-ozveny-c.-5_2023.pdf\">Maloky\u0161ick\u00e9 ozv\u011bny \u010d. 5\/2023 (146)<\/a><a href=\"http:\/\/www.malekysice.cz\/wp-content\/uploads\/2023\/10\/Malokysicke-ozveny-c.-5_2023.pdf\" class=\"wp-block-file__button\" download>St\u00e1hnout<\/a><\/div>\n\n\n\n<div class=\"wp-block-file\"><a href=\"http:\/\/www.malekysice.cz\/wp-content\/uploads\/2023\/11\/Navrh-zapisu-do-kroniky-obce-za-rok-2022.pdf\">N\u00e1vrh z\u00e1pisu do kroniky obce za rok 2022<\/a><a href=\"http:\/\/www.malekysice.cz\/wp-content\/uploads\/2023\/11\/Navrh-zapisu-do-kroniky-obce-za-rok-2022.pdf\" class=\"wp-block-file__button\" download>St\u00e1hnout<\/a><\/div>\n\n\n\n<div class=\"wp-block-file\"><a href=\"http:\/\/www.malekysice.cz\/wp-content\/uploads\/2023\/12\/Malokysicke-ozveny-c.-7_2023.pdf\">Maloky\u0161ick\u00e9 ozv\u011bny \u010d. 7\/2023 (148)<\/a><a href=\"http:\/\/www.malekysice.cz\/wp-content\/uploads\/2023\/12\/Malokysicke-ozveny-c.-7_2023.pdf\" class=\"wp-block-file__button\" download>St\u00e1hnout<\/a><\/div>\n\n\n\n<p><\/p>\n","protected":false},"excerpt":{"rendered":"","protected":false},"author":1,"featured_media":0,"parent":2,"menu_order":1,"comment_status":"closed","ping_status":"closed","template":"","meta":[],"_links":{"self":[{"href":"http:\/\/www.malekysice.cz\/index.php?rest_route=\/wp\/v2\/pages\/4191"}],"collection":[{"href":"http:\/\/www.malekysice.cz\/index.php?rest_route=\/wp\/v2\/pages"}],"about":[{"href":"http:\/\/www.malekysice.cz\/index.php?rest_route=\/wp\/v2\/types\/page"}],"author":[{"embeddable":true,"href":"http:\/\/www.malekysice.cz\/index.php?rest_route=\/wp\/v2\/users\/1"}],"replies":[{"embeddable":true,"href":"http:\/\/www.malekysice.cz\/index.php?rest_route=%2Fwp%2Fv2%2Fcomments&post=4191"}],"version-history":[{"count":7,"href":"http:\/\/www.malekysice.cz\/index.php?rest_route=\/wp\/v2\/pages\/4191\/revisions"}],"predecessor-version":[{"id":4533,"href":"http:\/\/www.malekysice.cz\/index.php?rest_route=\/wp\/v2\/pages\/4191\/revisions\/4533"}],"up":[{"embeddable":true,"href":"http:\/\/www.malekysice.cz\/index.php?rest_route=\/wp\/v2\/pages\/2"}],"wp:attachment":[{"href":"http:\/\/www.malekysice.cz\/index.php?rest_route=%2Fwp%2Fv2%2Fmedia&parent=4191"}],"curies":[{"name":"wp","href":"https:\/\/api.w.org\/{rel}","templated":true}]}}