{"id":3952,"date":"2022-01-05T17:44:59","date_gmt":"2022-01-05T17:44:59","guid":{"rendered":"http:\/\/www.malekysice.cz\/?page_id=3952"},"modified":"2022-12-14T18:47:07","modified_gmt":"2022-12-14T18:47:07","slug":"rok-2022","status":"publish","type":"page","link":"http:\/\/www.malekysice.cz\/?page_id=3952","title":{"rendered":"Rok 2022"},"content":{"rendered":"\n<div class=\"wp-block-file\"><a href=\"http:\/\/www.malekysice.cz\/wp-content\/uploads\/2022\/01\/Malokysicke-ozveny-c.-1_2022.pdf\">Maloky\u0161ick\u00e9 ozv\u011bny \u010d. 1 (137)<\/a><a href=\"http:\/\/www.malekysice.cz\/wp-content\/uploads\/2022\/01\/Malokysicke-ozveny-c.-1_2022.pdf\" class=\"wp-block-file__button\" download>St\u00e1hnout<\/a><\/div>\n\n\n\n<div class=\"wp-block-file\"><a href=\"http:\/\/www.malekysice.cz\/wp-content\/uploads\/2022\/04\/Malokysicke-ozveny-c.-2_2022.pdf\">Maloky\u0161ick\u00e9 ozv\u011bny \u010d. 2 (138)<\/a><a href=\"http:\/\/www.malekysice.cz\/wp-content\/uploads\/2022\/04\/Malokysicke-ozveny-c.-2_2022.pdf\" class=\"wp-block-file__button\" download>St\u00e1hnout<\/a><\/div>\n\n\n\n<div class=\"wp-block-file\"><a href=\"http:\/\/www.malekysice.cz\/wp-content\/uploads\/2022\/10\/Malokysicke-ozveny-c.3_2022.pdf\">Maloky\u0161ick\u00e9 ozv\u011bny \u010d. 3 (139)<\/a><a href=\"http:\/\/www.malekysice.cz\/wp-content\/uploads\/2022\/10\/Malokysicke-ozveny-c.3_2022.pdf\" class=\"wp-block-file__button\" download>St\u00e1hnout<\/a><\/div>\n\n\n\n<div class=\"wp-block-file\"><a href=\"http:\/\/www.malekysice.cz\/wp-content\/uploads\/2022\/10\/Volebni-priloha-do-MO-c.3_2022.pdf\">Volebn\u00ed p\u0159\u00edloha do Maloky\u0161ick\u00fdch ozv\u011bn \u010d. 3 (139)<\/a><a href=\"http:\/\/www.malekysice.cz\/wp-content\/uploads\/2022\/10\/Volebni-priloha-do-MO-c.3_2022.pdf\" class=\"wp-block-file__button\" download>St\u00e1hnout<\/a><\/div>\n\n\n\n<div class=\"wp-block-file\"><a href=\"http:\/\/www.malekysice.cz\/wp-content\/uploads\/2022\/10\/Malokysicke-ozveny-c.4_2022.pdf\">Maloky\u0161ick\u00e9 ozv\u011bny \u010d. 4 (140)<\/a><a href=\"http:\/\/www.malekysice.cz\/wp-content\/uploads\/2022\/10\/Malokysicke-ozveny-c.4_2022.pdf\" class=\"wp-block-file__button\" download>St\u00e1hnout<\/a><\/div>\n\n\n\n<div class=\"wp-block-file\"><a href=\"http:\/\/www.malekysice.cz\/wp-content\/uploads\/2022\/10\/mapa-NP-Krivoklatsko.jpg\">P\u0159\u00edloha do Maloky\u0161ick\u00fdch ozv\u011bn \u010d. 4 (140) &#8211; Mapa NP K\u0159ivokl\u00e1tsko<\/a><a href=\"http:\/\/www.malekysice.cz\/wp-content\/uploads\/2022\/10\/mapa-NP-Krivoklatsko.jpg\" class=\"wp-block-file__button\" download>St\u00e1hnout<\/a><\/div>\n\n\n\n<div class=\"wp-block-file\"><a href=\"http:\/\/www.malekysice.cz\/wp-content\/uploads\/2022\/11\/Navrh-zapisu-do-kroniky-obce-za-rok-2021.pdf\">N\u00e1vrh z\u00e1pisu do kroniky obce za rok 2021<\/a><a href=\"http:\/\/www.malekysice.cz\/wp-content\/uploads\/2022\/11\/Navrh-zapisu-do-kroniky-obce-za-rok-2021.pdf\" class=\"wp-block-file__button\" download>St\u00e1hnout<\/a><\/div>\n\n\n\n<div class=\"wp-block-file\"><a href=\"http:\/\/www.malekysice.cz\/wp-content\/uploads\/2022\/12\/Malokysicke-ozveny-c.5_2022.pdf\">Maloky\u0161ick\u00e9 ozv\u011bny \u010d. 5 (141)<\/a><a href=\"http:\/\/www.malekysice.cz\/wp-content\/uploads\/2022\/12\/Malokysicke-ozveny-c.5_2022.pdf\" class=\"wp-block-file__button\" download>St\u00e1hnout<\/a><\/div>\n","protected":false},"excerpt":{"rendered":"","protected":false},"author":1,"featured_media":0,"parent":2,"menu_order":1,"comment_status":"closed","ping_status":"closed","template":"","meta":[],"_links":{"self":[{"href":"http:\/\/www.malekysice.cz\/index.php?rest_route=\/wp\/v2\/pages\/3952"}],"collection":[{"href":"http:\/\/www.malekysice.cz\/index.php?rest_route=\/wp\/v2\/pages"}],"about":[{"href":"http:\/\/www.malekysice.cz\/index.php?rest_route=\/wp\/v2\/types\/page"}],"author":[{"embeddable":true,"href":"http:\/\/www.malekysice.cz\/index.php?rest_route=\/wp\/v2\/users\/1"}],"replies":[{"embeddable":true,"href":"http:\/\/www.malekysice.cz\/index.php?rest_route=%2Fwp%2Fv2%2Fcomments&post=3952"}],"version-history":[{"count":6,"href":"http:\/\/www.malekysice.cz\/index.php?rest_route=\/wp\/v2\/pages\/3952\/revisions"}],"predecessor-version":[{"id":4173,"href":"http:\/\/www.malekysice.cz\/index.php?rest_route=\/wp\/v2\/pages\/3952\/revisions\/4173"}],"up":[{"embeddable":true,"href":"http:\/\/www.malekysice.cz\/index.php?rest_route=\/wp\/v2\/pages\/2"}],"wp:attachment":[{"href":"http:\/\/www.malekysice.cz\/index.php?rest_route=%2Fwp%2Fv2%2Fmedia&parent=3952"}],"curies":[{"name":"wp","href":"https:\/\/api.w.org\/{rel}","templated":true}]}}