{"id":35,"date":"2012-05-02T20:13:04","date_gmt":"2012-05-02T20:13:04","guid":{"rendered":"http:\/\/www.malekysice.cz\/?page_id=35"},"modified":"2024-08-13T09:32:46","modified_gmt":"2024-08-13T09:32:46","slug":"zakladni-informace","status":"publish","type":"page","link":"http:\/\/www.malekysice.cz\/?page_id=35","title":{"rendered":"Z\u00e1kladn\u00ed informace"},"content":{"rendered":"<p style=\"text-align: justify;\">Katastr\u00e1ln\u00ed \u00fazem\u00ed obce <strong>Mal\u00e9 Ky\u0161ice<\/strong> o rozloze 418,80 ha se rozkl\u00e1d\u00e1 p\u0159i ji\u017en\u00ed spr\u00e1vn\u00ed hranici okresu Kladno s\u00a0okresem Beroun. Soused\u00ed na z\u00e1pad\u011b s\u00a0k. \u00fa. obce Bratronice, na severu s\u00a0k. \u00fa. obce Horn\u00ed Bezd\u011bkov, na v\u00fdchod\u011b s\u00a0k. \u00fa. m\u011bsta Unho\u0161\u0165 a na jihu s\u00a0k. \u00fa. obce Chy\u0148ava. Obec Mal\u00e9 Ky\u0161ice, vkl\u00edn\u011bna do sam\u00e9ho okraje k\u0159ivokl\u00e1tsk\u00fdch les\u016f, le\u017e\u00ed v\u00a0nadmo\u0159sk\u00e9 v\u00fd\u0161ce 370 m n. m. Nejvy\u0161\u0161\u00edm p\u0159\u00edrodn\u00edm bodem na katastru obce je vrchol Vysok\u00e9ho vrchu \u2013 486 m n. m., co\u017e je i nejvy\u0161\u0161\u00ed p\u0159\u00edrodn\u00ed bod v okrese Kladno. Koryto potoku Lod\u011bnice (Ka\u010d\u00e1ku) v m\u00edstn\u00ed \u010d\u00e1sti Potepl\u00ed m\u00e1 nam\u011b\u0159enu\u00a0nadmo\u0159skou v\u00fd\u0161ku 348 m n. m.<\/p>\n<p style=\"text-align: justify;\">K 1. 1. 2024 bylo v obci p\u0159ihl\u00e1\u0161eno k trval\u00e9mu pobytu 556 ob\u010dan\u016f. K obci pat\u0159\u00ed m\u00edstn\u00ed \u010d\u00e1st (osada) Potepl\u00ed a p\u0159ibli\u017en\u011b z\u00e1padn\u00ed \u010d\u00e1st m\u00edstn\u00ed \u010d\u00e1sti H\u0159ebenka (v\u00fdchodn\u00ed \u010d\u00e1st le\u017e\u00ed na k. \u00fa. m\u011bsta Unho\u0161t\u011b).<\/p>\n<p style=\"text-align: justify;\">V\u00a0obci je vybudov\u00e1na kompletn\u00ed kanaliza\u010dn\u00ed s\u00ed\u0165 s\u00a0\u010dist\u00edc\u00ed stanic\u00ed odpadn\u00edch vod, do v\u011bt\u0161iny dom\u00e1cnost\u00ed je zaveden vodovod a plyn.<\/p>\n<p style=\"text-align: justify;\">V\u00a0p\u0159ev\u00e1\u017en\u00e9 v\u011bt\u0161in\u011b zalesn\u011bn\u00e9ho maloky\u0161ick\u00e9ho katastr\u00e1ln\u00edho \u00fazem\u00ed, hlavn\u011b p\u0159i potoku Lod\u011bnici, je k\u00a0rekrea\u010dn\u00edm \u00fa\u010del\u016fm postaveno 278 chat. Jmenovan\u00fd potok tvo\u0159\u00ed hranici s\u00a0Chr\u00e1n\u011bnou krajinou oblast\u00ed K\u0159ivokl\u00e1tsko, vyhl\u00e1\u0161enou v\u00a0roce 1978.<\/p>\n<h5 style=\"text-align: justify;\"><\/h5>\n<p style=\"text-align: justify;\"><span style=\"text-decoration: underline;\">Pro obec Mal\u00e9 Ky\u0161ice jsou:<\/span><\/p>\n<p style=\"text-align: justify;\">Obc\u00ed s pov\u011b\u0159en\u00fdm obecn\u00edm \u00fa\u0159adem m\u011bsto <strong>Unho\u0161\u0165<\/strong><\/p>\n<p style=\"text-align: justify;\">Obc\u00ed s\u00a0roz\u0161\u00ed\u0159enou p\u016fsobnost\u00ed statut\u00e1rn\u00ed m\u011bsto <strong>Kladno.<\/strong><\/p>\n<p style=\"text-align: justify;\">Stavebn\u00ed \u00fa\u0159ad pro obec Mal\u00e9 Ky\u0161ice vykon\u00e1v\u00e1 <strong>M\u011bstsk\u00fd \u00fa\u0159ad Unho\u0161\u0165 &#8211; odbor v\u00fdstavby<\/strong>.<\/p>\n<p style=\"text-align: justify;\">Na z\u00e1klad\u011b ve\u0159ejnopr\u00e1vn\u00ed smlouvy vykon\u00e1v\u00e1 m\u011bsto<strong> Unho\u0161\u0165<\/strong> pro spr\u00e1vn\u00ed obvod obce Mal\u00e9 Ky\u0161ice p\u0159enesenou p\u016fsobnost na \u00faseku<strong> agendy p\u0159estupk\u016f<\/strong>.<\/p>\n","protected":false},"excerpt":{"rendered":"<p>Katastr\u00e1ln\u00ed \u00fazem\u00ed obce Mal\u00e9 Ky\u0161ice o rozloze 418,80 ha se rozkl\u00e1d\u00e1 p\u0159i ji\u017en\u00ed spr\u00e1vn\u00ed hranici okresu Kladno s\u00a0okresem Beroun. Soused\u00ed na z\u00e1pad\u011b s\u00a0k. \u00fa. obce Bratronice, na severu s\u00a0k. \u00fa.&hellip;<\/p>\n","protected":false},"author":1,"featured_media":0,"parent":12,"menu_order":0,"comment_status":"closed","ping_status":"open","template":"","meta":[],"_links":{"self":[{"href":"http:\/\/www.malekysice.cz\/index.php?rest_route=\/wp\/v2\/pages\/35"}],"collection":[{"href":"http:\/\/www.malekysice.cz\/index.php?rest_route=\/wp\/v2\/pages"}],"about":[{"href":"http:\/\/www.malekysice.cz\/index.php?rest_route=\/wp\/v2\/types\/page"}],"author":[{"embeddable":true,"href":"http:\/\/www.malekysice.cz\/index.php?rest_route=\/wp\/v2\/users\/1"}],"replies":[{"embeddable":true,"href":"http:\/\/www.malekysice.cz\/index.php?rest_route=%2Fwp%2Fv2%2Fcomments&post=35"}],"version-history":[{"count":51,"href":"http:\/\/www.malekysice.cz\/index.php?rest_route=\/wp\/v2\/pages\/35\/revisions"}],"predecessor-version":[{"id":4786,"href":"http:\/\/www.malekysice.cz\/index.php?rest_route=\/wp\/v2\/pages\/35\/revisions\/4786"}],"up":[{"embeddable":true,"href":"http:\/\/www.malekysice.cz\/index.php?rest_route=\/wp\/v2\/pages\/12"}],"wp:attachment":[{"href":"http:\/\/www.malekysice.cz\/index.php?rest_route=%2Fwp%2Fv2%2Fmedia&parent=35"}],"curies":[{"name":"wp","href":"https:\/\/api.w.org\/{rel}","templated":true}]}}