{"id":3241,"date":"2020-01-02T16:35:27","date_gmt":"2020-01-02T16:35:27","guid":{"rendered":"http:\/\/www.malekysice.cz\/?page_id=3241"},"modified":"2020-12-16T18:30:06","modified_gmt":"2020-12-16T18:30:06","slug":"rok-2020","status":"publish","type":"page","link":"http:\/\/www.malekysice.cz\/?page_id=3241","title":{"rendered":"Rok 2020"},"content":{"rendered":"<p><a href=\"http:\/\/www.malekysice.cz\/wp-content\/uploads\/2020\/01\/Maloky\u0161ick\u00e9-ozv\u011bny-\u010d.1_2020.pdf\">Maloky\u0161ick\u00e9 ozv\u011bny \u010d.1 (128)<\/a><\/p>\n<p><a href=\"http:\/\/www.malekysice.cz\/wp-content\/uploads\/2020\/01\/Maloky\u0161ick\u00e9-ozv\u011bny-\u010d.2_2020.pdf\">Maloky\u0161ick\u00e9 ozv\u011bny \u010d.2 (129)<\/a><\/p>\n<p><a href=\"http:\/\/www.malekysice.cz\/wp-content\/uploads\/2020\/01\/Maloky\u0161ick\u00e9-ozv\u011bny-\u010d.-3_2020.pdf\">Maloky\u0161ick\u00e9 ozv\u011bny \u010d.3 (130)<\/a><\/p>\n<p><a href=\"http:\/\/www.malekysice.cz\/wp-content\/uploads\/2020\/01\/MO-4_2020.pdf\">Maloky\u0161ick\u00e9 ozv\u011bny \u010d.4 (131)<\/a><\/p>\n<p><a href=\"http:\/\/www.malekysice.cz\/wp-content\/uploads\/2020\/01\/Z\u00e1pis-do-kroniky-obce-za-rok-2019.pdf\">N\u00e1vrh z\u00e1pisu do kroniky obce za rok 2019<\/a><\/p>\n<p>&nbsp;<\/p>\n","protected":false},"excerpt":{"rendered":"<p>Maloky\u0161ick\u00e9 ozv\u011bny \u010d.1 (128) Maloky\u0161ick\u00e9 ozv\u011bny \u010d.2 (129) Maloky\u0161ick\u00e9 ozv\u011bny \u010d.3 (130) Maloky\u0161ick\u00e9 ozv\u011bny \u010d.4 (131) N\u00e1vrh z\u00e1pisu do kroniky obce za rok 2019 &nbsp;<\/p>\n","protected":false},"author":1,"featured_media":0,"parent":2,"menu_order":0,"comment_status":"closed","ping_status":"open","template":"","meta":[],"_links":{"self":[{"href":"http:\/\/www.malekysice.cz\/index.php?rest_route=\/wp\/v2\/pages\/3241"}],"collection":[{"href":"http:\/\/www.malekysice.cz\/index.php?rest_route=\/wp\/v2\/pages"}],"about":[{"href":"http:\/\/www.malekysice.cz\/index.php?rest_route=\/wp\/v2\/types\/page"}],"author":[{"embeddable":true,"href":"http:\/\/www.malekysice.cz\/index.php?rest_route=\/wp\/v2\/users\/1"}],"replies":[{"embeddable":true,"href":"http:\/\/www.malekysice.cz\/index.php?rest_route=%2Fwp%2Fv2%2Fcomments&post=3241"}],"version-history":[{"count":7,"href":"http:\/\/www.malekysice.cz\/index.php?rest_route=\/wp\/v2\/pages\/3241\/revisions"}],"predecessor-version":[{"id":3530,"href":"http:\/\/www.malekysice.cz\/index.php?rest_route=\/wp\/v2\/pages\/3241\/revisions\/3530"}],"up":[{"embeddable":true,"href":"http:\/\/www.malekysice.cz\/index.php?rest_route=\/wp\/v2\/pages\/2"}],"wp:attachment":[{"href":"http:\/\/www.malekysice.cz\/index.php?rest_route=%2Fwp%2Fv2%2Fmedia&parent=3241"}],"curies":[{"name":"wp","href":"https:\/\/api.w.org\/{rel}","templated":true}]}}