{"id":29,"date":"2012-05-02T20:11:07","date_gmt":"2012-05-02T20:11:07","guid":{"rendered":"http:\/\/www.malekysice.cz\/?page_id=29"},"modified":"2021-04-22T16:25:04","modified_gmt":"2021-04-22T16:25:04","slug":"reseni-zakladnich-zivotnich-situaci","status":"publish","type":"page","link":"http:\/\/www.malekysice.cz\/?page_id=29","title":{"rendered":"\u0158e\u0161en\u00ed z\u00e1kladn\u00edch \u017eivotn\u00edch situac\u00ed"},"content":{"rendered":"<p>Informace k \u0159e\u0161en\u00ed z\u00e1kladn\u00edch \u017eivotn\u00edch situac\u00ed naleznete na <a title=\"Port\u00e1l ve\u0159ejn\u00e9 spr\u00e1vy\" href=\"http:\/\/portal.gov.cz\/portal\/obcan\/situace\/\" target=\"_blank\" rel=\"noopener\">port\u00e1lu ve\u0159ejn\u00e9 spr\u00e1vy<\/a>.<\/p>\n","protected":false},"excerpt":{"rendered":"<p>Informace k \u0159e\u0161en\u00ed z\u00e1kladn\u00edch \u017eivotn\u00edch situac\u00ed naleznete na port\u00e1lu ve\u0159ejn\u00e9 spr\u00e1vy.<\/p>\n","protected":false},"author":1,"featured_media":0,"parent":10,"menu_order":0,"comment_status":"closed","ping_status":"closed","template":"","meta":[],"_links":{"self":[{"href":"http:\/\/www.malekysice.cz\/index.php?rest_route=\/wp\/v2\/pages\/29"}],"collection":[{"href":"http:\/\/www.malekysice.cz\/index.php?rest_route=\/wp\/v2\/pages"}],"about":[{"href":"http:\/\/www.malekysice.cz\/index.php?rest_route=\/wp\/v2\/types\/page"}],"author":[{"embeddable":true,"href":"http:\/\/www.malekysice.cz\/index.php?rest_route=\/wp\/v2\/users\/1"}],"replies":[{"embeddable":true,"href":"http:\/\/www.malekysice.cz\/index.php?rest_route=%2Fwp%2Fv2%2Fcomments&post=29"}],"version-history":[{"count":4,"href":"http:\/\/www.malekysice.cz\/index.php?rest_route=\/wp\/v2\/pages\/29\/revisions"}],"predecessor-version":[{"id":3757,"href":"http:\/\/www.malekysice.cz\/index.php?rest_route=\/wp\/v2\/pages\/29\/revisions\/3757"}],"up":[{"embeddable":true,"href":"http:\/\/www.malekysice.cz\/index.php?rest_route=\/wp\/v2\/pages\/10"}],"wp:attachment":[{"href":"http:\/\/www.malekysice.cz\/index.php?rest_route=%2Fwp%2Fv2%2Fmedia&parent=29"}],"curies":[{"name":"wp","href":"https:\/\/api.w.org\/{rel}","templated":true}]}}