{"id":24,"date":"2012-05-02T20:10:14","date_gmt":"2012-05-02T20:10:14","guid":{"rendered":"http:\/\/www.malekysice.cz\/?page_id=24"},"modified":"2024-07-23T08:15:53","modified_gmt":"2024-07-23T08:15:53","slug":"formulare-ke-stazeni","status":"publish","type":"page","link":"http:\/\/www.malekysice.cz\/?page_id=24","title":{"rendered":"Formul\u00e1\u0159e ke sta\u017een\u00ed"},"content":{"rendered":"\n<h4><span style=\"text-decoration: underline;\"><strong>Formul\u00e1\u0159 \u017e\u00e1dosti o povolen\u00ed k\u00e1cen\u00ed d\u0159evin rostouc\u00edch mimo les<\/strong><\/span><\/h4>\n\n\n\n<p>Formul\u00e1\u0159 ve form\u00e1tu &nbsp;<a href=\"http:\/\/www.malekysice.cz\/wp-content\/uploads\/2022\/02\/Zadost-o-kaceni.docx\">docx<\/a> \/&nbsp;<a href=\"http:\/\/www.malekysice.cz\/wp-content\/uploads\/2022\/02\/Zadost-o-povoleni-kaceni-drevin-rostoucich-mimo-les.pdf\">pdf<\/a><\/p>\n\n\n\n<div class=\"wp-block-file\"><a href=\"http:\/\/www.malekysice.cz\/wp-content\/uploads\/2022\/02\/Zadost-o-povoleni-kaceni-drevin-rostoucich-mimo-les.pdf\">\u017d\u00e1dost o povolen\u00ed k\u00e1cen\u00ed d\u0159evin rostouc\u00edch mimo les<\/a><a href=\"http:\/\/www.malekysice.cz\/wp-content\/uploads\/2022\/02\/Zadost-o-povoleni-kaceni-drevin-rostoucich-mimo-les.pdf\" class=\"wp-block-file__button\" download>St\u00e1hnout<\/a><\/div>\n\n\n\n<h4><span style=\"text-decoration: underline;\"><strong>Ohl\u00e1\u0161en\u00ed pl\u00e1tce m\u00edstn\u00edho poplatku za odkl\u00e1d\u00e1n\u00ed komun\u00e1ln\u00edho odpadu z nemovit\u00e9 v\u011bci<\/strong><\/span><\/h4>\n\n\n\n<div class=\"wp-block-file\"><a href=\"http:\/\/www.malekysice.cz\/wp-content\/uploads\/2024\/01\/Ohlaseni-platce-poplatku-od-r.2024.pdf\">Ohl\u00e1\u0161en\u00ed pl\u00e1tce poplatku ve form\u00e1tu pdf<\/a><a href=\"http:\/\/www.malekysice.cz\/wp-content\/uploads\/2024\/01\/Ohlaseni-platce-poplatku-od-r.2024.pdf\" class=\"wp-block-file__button\" download>St\u00e1hnout<\/a><\/div>\n\n\n\n<div class=\"wp-block-file\"><a href=\"http:\/\/www.malekysice.cz\/wp-content\/uploads\/2024\/07\/Ohlaseni-platce-poplatku-od-r.2024.docx\">Ohl\u00e1\u0161en\u00ed pl\u00e1tce poplatku ve form\u00e1tu docx<\/a><a href=\"http:\/\/www.malekysice.cz\/wp-content\/uploads\/2024\/07\/Ohlaseni-platce-poplatku-od-r.2024.docx\" class=\"wp-block-file__button\" download>St\u00e1hnout<\/a><\/div>\n\n\n\n<h4><span style=\"text-decoration: underline;\"><strong>P\u0159ihl\u00e1\u0161ka k m\u00edstn\u00edmu poplatku ze ps\u016f<\/strong><\/span><\/h4>\n\n\n\n<p>Formul\u00e1\u0159 ve form\u00e1tu&nbsp;&nbsp; <a href=\"http:\/\/www.malekysice.cz\/wp-content\/uploads\/2012\/05\/P\u0159ihl\u00e1\u0161ka-k-m\u00edstn\u00edmu-poplatku-ze-ps\u016f.docx\">docx<\/a>&nbsp;\/ <a href=\"http:\/\/www.malekysice.cz\/wp-content\/uploads\/2012\/05\/P\u0159ihl\u00e1\u0161ka-k-m\u00edstn\u00edmu-poplatku-ze-ps\u016f.pdf\">pdf<\/a><\/p>\n","protected":false},"excerpt":{"rendered":"<p>Formul\u00e1\u0159 \u017e\u00e1dosti o povolen\u00ed k\u00e1cen\u00ed d\u0159evin rostouc\u00edch mimo les Formul\u00e1\u0159 ve form\u00e1tu &nbsp;docx \/&nbsp;pdf Ohl\u00e1\u0161en\u00ed pl\u00e1tce m\u00edstn\u00edho poplatku za odkl\u00e1d\u00e1n\u00ed komun\u00e1ln\u00edho odpadu z nemovit\u00e9 v\u011bci P\u0159ihl\u00e1\u0161ka k m\u00edstn\u00edmu poplatku ze&hellip;<\/p>\n","protected":false},"author":1,"featured_media":0,"parent":10,"menu_order":0,"comment_status":"closed","ping_status":"closed","template":"","meta":[],"_links":{"self":[{"href":"http:\/\/www.malekysice.cz\/index.php?rest_route=\/wp\/v2\/pages\/24"}],"collection":[{"href":"http:\/\/www.malekysice.cz\/index.php?rest_route=\/wp\/v2\/pages"}],"about":[{"href":"http:\/\/www.malekysice.cz\/index.php?rest_route=\/wp\/v2\/types\/page"}],"author":[{"embeddable":true,"href":"http:\/\/www.malekysice.cz\/index.php?rest_route=\/wp\/v2\/users\/1"}],"replies":[{"embeddable":true,"href":"http:\/\/www.malekysice.cz\/index.php?rest_route=%2Fwp%2Fv2%2Fcomments&post=24"}],"version-history":[{"count":35,"href":"http:\/\/www.malekysice.cz\/index.php?rest_route=\/wp\/v2\/pages\/24\/revisions"}],"predecessor-version":[{"id":4775,"href":"http:\/\/www.malekysice.cz\/index.php?rest_route=\/wp\/v2\/pages\/24\/revisions\/4775"}],"up":[{"embeddable":true,"href":"http:\/\/www.malekysice.cz\/index.php?rest_route=\/wp\/v2\/pages\/10"}],"wp:attachment":[{"href":"http:\/\/www.malekysice.cz\/index.php?rest_route=%2Fwp%2Fv2%2Fmedia&parent=24"}],"curies":[{"name":"wp","href":"https:\/\/api.w.org\/{rel}","templated":true}]}}