{"id":2264,"date":"2015-02-25T17:13:44","date_gmt":"2015-02-25T17:13:44","guid":{"rendered":"http:\/\/www.malekysice.cz\/?page_id=2264"},"modified":"2015-11-30T22:29:22","modified_gmt":"2015-11-30T22:29:22","slug":"rok-2015","status":"publish","type":"page","link":"http:\/\/www.malekysice.cz\/?page_id=2264","title":{"rendered":"Rok 2015"},"content":{"rendered":"<p><a href=\"http:\/\/www.malekysice.cz\/wp-content\/uploads\/2015\/02\/Maloky\u0161ick\u00e9-ozv\u011bny-\u010d.1_2015.pdf\">Maloky\u0161ick\u00e9 ozv\u011bny \u010d.1 (104)<\/a><\/p>\n<p><a href=\"http:\/\/www.malekysice.cz\/wp-content\/uploads\/2015\/02\/Maloky\u0161ick\u00e9_ozv\u011bny_\u010d.2_2015.pdf\">Maloky\u0161ick\u00e9 ozv\u011bny \u010d.2 (105)<\/a>\u00a0a <a href=\"http:\/\/www.malekysice.cz\/wp-content\/uploads\/2015\/02\/Chy\u0148ava_45-p\u0159\u00edloha-\u010d.2.pdf\">P\u0159\u00edloha &#8211; Kv\u011bten 1945 v Chy\u0148av\u011b o\u010dima pam\u011btn\u00edk\u016f<\/a><\/p>\n<p><a href=\"http:\/\/www.malekysice.cz\/wp-content\/uploads\/2015\/02\/Maloky\u0161ick\u00e9-ozv\u011bny-\u010d.3_2015.pdf\">Maloky\u0161ick\u00e9 ozv\u011bny \u010d.3 (106)\u00a0<\/a><\/p>\n<p><a href=\"http:\/\/www.malekysice.cz\/wp-content\/uploads\/2015\/02\/Maloky\u0161ick\u00e9_ozv\u011bny_\u010d.4_2015.pdf\">Maloky\u0161ick\u00e9 ozv\u011bny \u010d.4 (107)<\/a> a <a href=\"http:\/\/www.malekysice.cz\/wp-content\/uploads\/2015\/02\/Z\u00e1pis_14.pdf\">P\u0159\u00edloha &#8211; N\u00e1vrh z\u00e1pisu do kroniky obce za rok 2014<\/a><\/p>\n","protected":false},"excerpt":{"rendered":"<p>Maloky\u0161ick\u00e9 ozv\u011bny \u010d.1 (104) Maloky\u0161ick\u00e9 ozv\u011bny \u010d.2 (105)\u00a0a P\u0159\u00edloha &#8211; Kv\u011bten 1945 v Chy\u0148av\u011b o\u010dima pam\u011btn\u00edk\u016f Maloky\u0161ick\u00e9 ozv\u011bny \u010d.3 (106)\u00a0 Maloky\u0161ick\u00e9 ozv\u011bny \u010d.4 (107) a P\u0159\u00edloha &#8211; N\u00e1vrh z\u00e1pisu do&hellip;<\/p>\n","protected":false},"author":1,"featured_media":0,"parent":2,"menu_order":0,"comment_status":"closed","ping_status":"open","template":"","meta":[],"_links":{"self":[{"href":"http:\/\/www.malekysice.cz\/index.php?rest_route=\/wp\/v2\/pages\/2264"}],"collection":[{"href":"http:\/\/www.malekysice.cz\/index.php?rest_route=\/wp\/v2\/pages"}],"about":[{"href":"http:\/\/www.malekysice.cz\/index.php?rest_route=\/wp\/v2\/types\/page"}],"author":[{"embeddable":true,"href":"http:\/\/www.malekysice.cz\/index.php?rest_route=\/wp\/v2\/users\/1"}],"replies":[{"embeddable":true,"href":"http:\/\/www.malekysice.cz\/index.php?rest_route=%2Fwp%2Fv2%2Fcomments&post=2264"}],"version-history":[{"count":10,"href":"http:\/\/www.malekysice.cz\/index.php?rest_route=\/wp\/v2\/pages\/2264\/revisions"}],"predecessor-version":[{"id":2314,"href":"http:\/\/www.malekysice.cz\/index.php?rest_route=\/wp\/v2\/pages\/2264\/revisions\/2314"}],"up":[{"embeddable":true,"href":"http:\/\/www.malekysice.cz\/index.php?rest_route=\/wp\/v2\/pages\/2"}],"wp:attachment":[{"href":"http:\/\/www.malekysice.cz\/index.php?rest_route=%2Fwp%2Fv2%2Fmedia&parent=2264"}],"curies":[{"name":"wp","href":"https:\/\/api.w.org\/{rel}","templated":true}]}}