{"id":20,"date":"2012-05-02T20:09:45","date_gmt":"2012-05-02T20:09:45","guid":{"rendered":"http:\/\/www.malekysice.cz\/?page_id=20"},"modified":"2023-10-26T11:30:16","modified_gmt":"2023-10-26T11:30:16","slug":"uredni-hodiny","status":"publish","type":"page","link":"http:\/\/www.malekysice.cz\/?page_id=20","title":{"rendered":"\u00da\u0159edn\u00ed hodiny"},"content":{"rendered":"\n<p class=\"has-text-align-left\"><strong>Pond\u011bl\u00ed<\/strong><span style=\"color: #ffffff;\"> &#8230;&#8230;&#8230;..&nbsp;<\/span>15.00 &#8211; 17.00 hodin<\/p>\n\n\n\n<p class=\"has-text-align-left\">&#8212;&#8212;&#8212;&#8212;&#8212;&#8212;&#8212;&#8212;&#8212;&#8212;&#8212;&#8212;&#8212;&#8212;&#8212;&#8212;&#8212;&#8212;&#8212;&#8212;&#8212;&#8212;&#8212;&#8212;&#8212;&#8212;&#8212;&#8212;&#8212;&#8212;&#8212;-<\/p>\n\n\n\n<p class=\"has-text-align-left\"><strong>St\u0159eda<\/strong><span style=\"color: #ffffff;\">&#8230;&#8230;&#8230;&#8230;.<\/span> 16.00 &#8211; 18.00 hodin<\/p>\n","protected":false},"excerpt":{"rendered":"<p>Pond\u011bl\u00ed &#8230;&#8230;&#8230;..&nbsp;15.00 &#8211; 17.00 hodin &#8212;&#8212;&#8212;&#8212;&#8212;&#8212;&#8212;&#8212;&#8212;&#8212;&#8212;&#8212;&#8212;&#8212;&#8212;&#8212;&#8212;&#8212;&#8212;&#8212;&#8212;&#8212;&#8212;&#8212;&#8212;&#8212;&#8212;&#8212;&#8212;&#8212;&#8212;- St\u0159eda&#8230;&#8230;&#8230;&#8230;. 16.00 &#8211; 18.00 hodin<\/p>\n","protected":false},"author":1,"featured_media":0,"parent":10,"menu_order":0,"comment_status":"closed","ping_status":"open","template":"","meta":[],"_links":{"self":[{"href":"http:\/\/www.malekysice.cz\/index.php?rest_route=\/wp\/v2\/pages\/20"}],"collection":[{"href":"http:\/\/www.malekysice.cz\/index.php?rest_route=\/wp\/v2\/pages"}],"about":[{"href":"http:\/\/www.malekysice.cz\/index.php?rest_route=\/wp\/v2\/types\/page"}],"author":[{"embeddable":true,"href":"http:\/\/www.malekysice.cz\/index.php?rest_route=\/wp\/v2\/users\/1"}],"replies":[{"embeddable":true,"href":"http:\/\/www.malekysice.cz\/index.php?rest_route=%2Fwp%2Fv2%2Fcomments&post=20"}],"version-history":[{"count":15,"href":"http:\/\/www.malekysice.cz\/index.php?rest_route=\/wp\/v2\/pages\/20\/revisions"}],"predecessor-version":[{"id":4433,"href":"http:\/\/www.malekysice.cz\/index.php?rest_route=\/wp\/v2\/pages\/20\/revisions\/4433"}],"up":[{"embeddable":true,"href":"http:\/\/www.malekysice.cz\/index.php?rest_route=\/wp\/v2\/pages\/10"}],"wp:attachment":[{"href":"http:\/\/www.malekysice.cz\/index.php?rest_route=%2Fwp%2Fv2%2Fmedia&parent=20"}],"curies":[{"name":"wp","href":"https:\/\/api.w.org\/{rel}","templated":true}]}}