{"id":2,"date":"2012-04-28T08:38:01","date_gmt":"2012-04-28T08:38:01","guid":{"rendered":"http:\/\/www.malekysice.cz\/?page_id=2"},"modified":"2026-01-02T07:48:03","modified_gmt":"2026-01-02T07:48:03","slug":"zkusebni-stranka","status":"publish","type":"page","link":"http:\/\/www.malekysice.cz\/?page_id=2","title":{"rendered":"Maloky\u0161ick\u00e9 ozv\u011bny"},"content":{"rendered":"\n<p><a href=\"http:\/\/www.malekysice.cz\/?page_id=5258\">Rok 2026<\/a><\/p>\n\n\n\n<p><a href=\"http:\/\/www.malekysice.cz\/?page_id=4912\">Rok 2025<\/a><\/p>\n\n\n\n<p><a href=\"http:\/\/www.malekysice.cz\/?page_id=4559\">Rok 2024<\/a><\/p>\n\n\n\n<p><a href=\"http:\/\/www.malekysice.cz\/?page_id=4191\">Rok 2023<\/a><\/p>\n\n\n\n<p><a href=\"http:\/\/www.malekysice.cz\/?page_id=3952\">Rok 2022<\/a><\/p>\n\n\n\n<p><a href=\"http:\/\/www.malekysice.cz\/?page_id=3586\">Rok 2021<\/a><\/p>\n\n\n\n<p><a href=\"http:\/\/www.malekysice.cz\/?page_id=3241\">Rok 2020<\/a><\/p>\n\n\n\n<p><a href=\"http:\/\/www.malekysice.cz\/?page_id=3035\">Rok 2019<\/a><\/p>\n\n\n\n<p><a href=\"http:\/\/www.malekysice.cz\/?page_id=2838\">Rok 2018<\/a><\/p>\n\n\n\n<p><a href=\"http:\/\/www.malekysice.cz\/?page_id=2639\">Rok 2017<\/a><\/p>\n\n\n\n<p><a href=\"http:\/\/www.malekysice.cz\/?page_id=2425\">Rok 2016<\/a><\/p>\n\n\n\n<p><a href=\"http:\/\/www.malekysice.cz\/?page_id=2264\">Rok 2015<\/a><\/p>\n\n\n\n<p><a href=\"http:\/\/www.malekysice.cz\/?page_id=1968\">Rok 2014<\/a><\/p>\n\n\n\n<p><a href=\"http:\/\/www.malekysice.cz\/?page_id=1658\">Rok 2013<\/a><\/p>\n\n\n\n<p><a href=\"http:\/\/www.malekysice.cz\/?page_id=774\">Rok 2012<\/a><\/p>\n\n\n\n<p><a href=\"http:\/\/www.malekysice.cz\/?page_id=772\">Rok 2011<\/a><\/p>\n\n\n\n<p><a href=\"http:\/\/www.malekysice.cz\/?page_id=770\">Rok 2010<\/a><\/p>\n\n\n\n<p><a href=\"http:\/\/www.malekysice.cz\/?page_id=768\">Rok 2009<\/a><\/p>\n\n\n\n<p><a href=\"http:\/\/www.malekysice.cz\/?page_id=765\">Rok 2008<\/a><\/p>\n\n\n\n<p><a href=\"http:\/\/www.malekysice.cz\/?page_id=709\">Rok 2007<\/a><\/p>\n","protected":false},"excerpt":{"rendered":"<p>Rok 2026 Rok 2025 Rok 2024 Rok 2023 Rok 2022 Rok 2021 Rok 2020 Rok 2019 Rok 2018 Rok 2017 Rok 2016 Rok 2015 Rok 2014 Rok 2013 Rok 2012&hellip;<\/p>\n","protected":false},"author":1,"featured_media":0,"parent":0,"menu_order":0,"comment_status":"closed","ping_status":"open","template":"","meta":[],"_links":{"self":[{"href":"http:\/\/www.malekysice.cz\/index.php?rest_route=\/wp\/v2\/pages\/2"}],"collection":[{"href":"http:\/\/www.malekysice.cz\/index.php?rest_route=\/wp\/v2\/pages"}],"about":[{"href":"http:\/\/www.malekysice.cz\/index.php?rest_route=\/wp\/v2\/types\/page"}],"author":[{"embeddable":true,"href":"http:\/\/www.malekysice.cz\/index.php?rest_route=\/wp\/v2\/users\/1"}],"replies":[{"embeddable":true,"href":"http:\/\/www.malekysice.cz\/index.php?rest_route=%2Fwp%2Fv2%2Fcomments&post=2"}],"version-history":[{"count":38,"href":"http:\/\/www.malekysice.cz\/index.php?rest_route=\/wp\/v2\/pages\/2\/revisions"}],"predecessor-version":[{"id":5265,"href":"http:\/\/www.malekysice.cz\/index.php?rest_route=\/wp\/v2\/pages\/2\/revisions\/5265"}],"wp:attachment":[{"href":"http:\/\/www.malekysice.cz\/index.php?rest_route=%2Fwp%2Fv2%2Fmedia&parent=2"}],"curies":[{"name":"wp","href":"https:\/\/api.w.org\/{rel}","templated":true}]}}