{"id":1968,"date":"2014-02-21T14:07:55","date_gmt":"2014-02-21T14:07:55","guid":{"rendered":"http:\/\/www.malekysice.cz\/?page_id=1968"},"modified":"2014-12-17T19:08:33","modified_gmt":"2014-12-17T19:08:33","slug":"rok-2014","status":"publish","type":"page","link":"http:\/\/www.malekysice.cz\/?page_id=1968","title":{"rendered":"Rok 2014"},"content":{"rendered":"<p><a href=\"http:\/\/www.malekysice.cz\/wp-content\/uploads\/2014\/02\/Maloky\u0161ick\u00e9-ozv\u011bny-\u010d.1_20141.pdf\">Maloky\u0161ick\u00e9 ozv\u011bny \u010d.1 (97)<\/a><\/p>\n<div class=\"clear\"><a href=\"http:\/\/www.malekysice.cz\/wp-content\/uploads\/2014\/02\/Maloky\u0161ick\u00e9-ozv\u011bny-\u010d.2_2014.pdf\">Maloky\u0161ick\u00e9 ozv\u011bny \u010d.2 (98)<\/a><\/div>\n<p><a href=\"http:\/\/www.malekysice.cz\/wp-content\/uploads\/2014\/02\/Maloky\u0161ick\u00e9-ozv\u011bny-\u010d.3_2014.pdf\">Maloky\u0161ick\u00e9 ozv\u011bny \u010d.3 (99)<\/a><\/p>\n<p><a href=\"http:\/\/www.malekysice.cz\/wp-content\/uploads\/2014\/02\/Maloky\u0161ick\u00e9-ozv\u011bny-\u010d.5_2014.pdf\">Maloky\u0161ick\u00e9 ozv\u011bny \u010d.5 (101)<\/a><\/p>\n<p><a href=\"http:\/\/www.malekysice.cz\/wp-content\/uploads\/2014\/02\/Maloky\u0161ick\u00e9-ozv\u011bny-\u010d.6_2014.pdf\">Maloky\u0161ick\u00e9 ozv\u011bny \u010d.6 (102)<\/a>\u00a0a <a href=\"http:\/\/www.malekysice.cz\/wp-content\/uploads\/2014\/02\/Z\u00e1pis131.pdf\">P\u0159\u00edloha &#8211; N\u00e1vrh z\u00e1pisu do kroniky obce za rok 2013<\/a><\/p>\n<p><a href=\"http:\/\/www.malekysice.cz\/wp-content\/uploads\/2014\/02\/Maloky\u0161ick\u00e9-ozv\u011bny-\u010d.7_2014.pdf\">Maloky\u0161ick\u00e9 ozv\u011bny \u010d.7 (103)<\/a><\/p>\n","protected":false},"excerpt":{"rendered":"<p>Maloky\u0161ick\u00e9 ozv\u011bny \u010d.1 (97) Maloky\u0161ick\u00e9 ozv\u011bny \u010d.2 (98) Maloky\u0161ick\u00e9 ozv\u011bny \u010d.3 (99) Maloky\u0161ick\u00e9 ozv\u011bny \u010d.5 (101) Maloky\u0161ick\u00e9 ozv\u011bny \u010d.6 (102)\u00a0a P\u0159\u00edloha &#8211; N\u00e1vrh z\u00e1pisu do kroniky obce za rok 2013&hellip;<\/p>\n","protected":false},"author":1,"featured_media":0,"parent":2,"menu_order":0,"comment_status":"closed","ping_status":"open","template":"","meta":[],"_links":{"self":[{"href":"http:\/\/www.malekysice.cz\/index.php?rest_route=\/wp\/v2\/pages\/1968"}],"collection":[{"href":"http:\/\/www.malekysice.cz\/index.php?rest_route=\/wp\/v2\/pages"}],"about":[{"href":"http:\/\/www.malekysice.cz\/index.php?rest_route=\/wp\/v2\/types\/page"}],"author":[{"embeddable":true,"href":"http:\/\/www.malekysice.cz\/index.php?rest_route=\/wp\/v2\/users\/1"}],"replies":[{"embeddable":true,"href":"http:\/\/www.malekysice.cz\/index.php?rest_route=%2Fwp%2Fv2%2Fcomments&post=1968"}],"version-history":[{"count":11,"href":"http:\/\/www.malekysice.cz\/index.php?rest_route=\/wp\/v2\/pages\/1968\/revisions"}],"predecessor-version":[{"id":2244,"href":"http:\/\/www.malekysice.cz\/index.php?rest_route=\/wp\/v2\/pages\/1968\/revisions\/2244"}],"up":[{"embeddable":true,"href":"http:\/\/www.malekysice.cz\/index.php?rest_route=\/wp\/v2\/pages\/2"}],"wp:attachment":[{"href":"http:\/\/www.malekysice.cz\/index.php?rest_route=%2Fwp%2Fv2%2Fmedia&parent=1968"}],"curies":[{"name":"wp","href":"https:\/\/api.w.org\/{rel}","templated":true}]}}