{"id":18,"date":"2012-05-02T20:09:26","date_gmt":"2012-05-02T20:09:26","guid":{"rendered":"http:\/\/www.malekysice.cz\/?page_id=18"},"modified":"2023-10-06T19:35:26","modified_gmt":"2023-10-06T19:35:26","slug":"turisticke-zajimavosti","status":"publish","type":"page","link":"http:\/\/www.malekysice.cz\/?page_id=18","title":{"rendered":"Turistick\u00e9 zaj\u00edmavosti"},"content":{"rendered":"<h3><strong><a title=\"Obec a nejbli\u017e\u0161\u00ed okol\u00ed\" href=\"http:\/\/www.malekysice.cz\/?page_id=955\">Obec a bl\u00edzk\u00e9 okol\u00ed<\/a><\/strong><\/h3>\n<p>&nbsp;<\/p>\n<h3><strong><a title=\"Vzd\u00e1len\u011bj\u0161\u00ed okol\u00ed\" href=\"http:\/\/www.malekysice.cz\/?page_id=957\">Vzd\u00e1len\u011bj\u0161\u00ed okol\u00ed<\/a><\/strong><\/h3>\n<p>&nbsp;<\/p>\n<p>&nbsp;<\/p>\n","protected":false},"excerpt":{"rendered":"<p>Obec a bl\u00edzk\u00e9 okol\u00ed &nbsp; Vzd\u00e1len\u011bj\u0161\u00ed okol\u00ed &nbsp; &nbsp;<\/p>\n","protected":false},"author":1,"featured_media":0,"parent":0,"menu_order":0,"comment_status":"closed","ping_status":"open","template":"","meta":[],"_links":{"self":[{"href":"http:\/\/www.malekysice.cz\/index.php?rest_route=\/wp\/v2\/pages\/18"}],"collection":[{"href":"http:\/\/www.malekysice.cz\/index.php?rest_route=\/wp\/v2\/pages"}],"about":[{"href":"http:\/\/www.malekysice.cz\/index.php?rest_route=\/wp\/v2\/types\/page"}],"author":[{"embeddable":true,"href":"http:\/\/www.malekysice.cz\/index.php?rest_route=\/wp\/v2\/users\/1"}],"replies":[{"embeddable":true,"href":"http:\/\/www.malekysice.cz\/index.php?rest_route=%2Fwp%2Fv2%2Fcomments&post=18"}],"version-history":[{"count":10,"href":"http:\/\/www.malekysice.cz\/index.php?rest_route=\/wp\/v2\/pages\/18\/revisions"}],"predecessor-version":[{"id":4332,"href":"http:\/\/www.malekysice.cz\/index.php?rest_route=\/wp\/v2\/pages\/18\/revisions\/4332"}],"wp:attachment":[{"href":"http:\/\/www.malekysice.cz\/index.php?rest_route=%2Fwp%2Fv2%2Fmedia&parent=18"}],"curies":[{"name":"wp","href":"https:\/\/api.w.org\/{rel}","templated":true}]}}