{"id":160,"date":"2012-05-03T20:31:06","date_gmt":"2012-05-03T20:31:06","guid":{"rendered":"http:\/\/www.malekysice.cz\/?page_id=160"},"modified":"2021-04-22T16:26:11","modified_gmt":"2021-04-22T16:26:11","slug":"znak-a-vlajka-obce","status":"publish","type":"page","link":"http:\/\/www.malekysice.cz\/?page_id=160","title":{"rendered":"Znak a vlajka obce"},"content":{"rendered":"<p style=\"text-align: justify;\">Heraldick\u00e9 symboly obce navr\u017een\u00e9 v\u00a0roce 1995 obecn\u00edm kronik\u00e1\u0159em <strong>Mgr.<\/strong>\u00a0<strong>Miroslavem Oliveriusem<\/strong> schv\u00e1lilo zastupitelstvo 9. dubna n\u00e1sleduj\u00edc\u00edho roku. P\u0159edseda PS P\u010cR ofici\u00e1ln\u011b rozhodl o ud\u011blen\u00ed znaku a praporu Mal\u00fdm Ky\u0161ic\u00edm 7. kv\u011btna 1997. V\u00a0zelen\u00e9m \u0161t\u00edtu je polovina jelena se zlatou zbroj\u00ed a jazykem. Ve zlat\u00e9 pat\u011b \u0161t\u00edtu stoj\u00ed t\u0159i \u010dern\u00e9 mil\u00ed\u0159e v\u00a0podob\u011b trojvr\u0161\u00ed, p\u0159ipom\u00ednaj\u00edc\u00ed zakladatele obce \u2013 uhl\u00ed\u0159e. Znamen\u00ed jelena bylo odvozeno ze znaku nedalek\u00e9ho m\u011bsta Unho\u0161t\u011b a sou\u010dasn\u011b s\u00a0p\u0159eva\u017euj\u00edc\u00ed zelenou barvou vyjad\u0159uje polohu Mal\u00fdch Ky\u0161ic na okraji rozlehl\u00fdch les\u016f Chr\u00e1n\u011bn\u00e9 krajinn\u00e9 oblasti K\u0159ivokl\u00e1tsko. Autorem grafick\u00e9 podoby znaku je <strong>Lubom\u00edr Zeman<\/strong>.<\/p>\n<p style=\"text-align: center;\"><img loading=\"lazy\" class=\"size-full wp-image-172\" title=\"Znak obce Mal\u00e9 Ky\u0161ice\" src=\"http:\/\/www.malekysice.cz\/wp-content\/uploads\/2012\/05\/znak-Mal\u00e9-Ky\u0161ice-150x1831.jpg\" alt=\"\" width=\"150\" height=\"183\" \/><\/p>\n<p style=\"text-align: justify;\">List praporu tvo\u0159\u00ed dva vodorovn\u00e9 pruhy \u2013 zelen\u00fd a zlat\u00fd (\u017elut\u00fd) v\u00a0pom\u011bru 2:1. Pom\u011br v\u00fd\u0161ky a d\u00e9lky listu je 2:3. Barvy praporu (v\u010detn\u011b jejich polo\u017een\u00ed) vych\u00e1zej\u00ed z\u00a0barev znaku obce s\u00a0t\u00edm, \u017ee z\u00e1konit\u011b p\u0159eva\u017euje barva v\u00a0poli \u0161t\u00edtu (zelen\u00e1) nad barvou v\u00a0pat\u011b \u0161t\u00edtu (zlat\u00e1).<\/p>\n<p style=\"text-align: center;\"><img loading=\"lazy\" class=\"size-full wp-image-463\" title=\"Vlajka obce Mal\u00e9 Ky\u0161ice\" src=\"http:\/\/www.malekysice.cz\/wp-content\/uploads\/2012\/05\/Vlajka-Mal\u00e9-Ky\u0161ice-160x107.png\" alt=\"\" width=\"160\" height=\"107\" \/><\/p>\n","protected":false},"excerpt":{"rendered":"<p>Heraldick\u00e9 symboly obce navr\u017een\u00e9 v\u00a0roce 1995 obecn\u00edm kronik\u00e1\u0159em Mgr.\u00a0Miroslavem Oliveriusem schv\u00e1lilo zastupitelstvo 9. dubna n\u00e1sleduj\u00edc\u00edho roku. P\u0159edseda PS P\u010cR ofici\u00e1ln\u011b rozhodl o ud\u011blen\u00ed znaku a praporu Mal\u00fdm Ky\u0161ic\u00edm 7. kv\u011btna&hellip;<\/p>\n","protected":false},"author":1,"featured_media":0,"parent":12,"menu_order":0,"comment_status":"closed","ping_status":"closed","template":"","meta":[],"_links":{"self":[{"href":"http:\/\/www.malekysice.cz\/index.php?rest_route=\/wp\/v2\/pages\/160"}],"collection":[{"href":"http:\/\/www.malekysice.cz\/index.php?rest_route=\/wp\/v2\/pages"}],"about":[{"href":"http:\/\/www.malekysice.cz\/index.php?rest_route=\/wp\/v2\/types\/page"}],"author":[{"embeddable":true,"href":"http:\/\/www.malekysice.cz\/index.php?rest_route=\/wp\/v2\/users\/1"}],"replies":[{"embeddable":true,"href":"http:\/\/www.malekysice.cz\/index.php?rest_route=%2Fwp%2Fv2%2Fcomments&post=160"}],"version-history":[{"count":43,"href":"http:\/\/www.malekysice.cz\/index.php?rest_route=\/wp\/v2\/pages\/160\/revisions"}],"predecessor-version":[{"id":3763,"href":"http:\/\/www.malekysice.cz\/index.php?rest_route=\/wp\/v2\/pages\/160\/revisions\/3763"}],"up":[{"embeddable":true,"href":"http:\/\/www.malekysice.cz\/index.php?rest_route=\/wp\/v2\/pages\/12"}],"wp:attachment":[{"href":"http:\/\/www.malekysice.cz\/index.php?rest_route=%2Fwp%2Fv2%2Fmedia&parent=160"}],"curies":[{"name":"wp","href":"https:\/\/api.w.org\/{rel}","templated":true}]}}