{"id":12,"date":"2012-05-02T20:08:46","date_gmt":"2012-05-02T20:08:46","guid":{"rendered":"http:\/\/www.malekysice.cz\/?page_id=12"},"modified":"2023-10-26T11:18:48","modified_gmt":"2023-10-26T11:18:48","slug":"obec","status":"publish","type":"page","link":"http:\/\/www.malekysice.cz\/?page_id=12","title":{"rendered":"OBEC"},"content":{"rendered":"\n<p><a rel=\"noreferrer noopener\" href=\"http:\/\/www.malekysice.cz\/?page_id=35\" target=\"_blank\">Z\u00e1kladn\u00ed informace<\/a><\/p>\n\n\n\n<p><a href=\"http:\/\/www.malekysice.cz\/?page_id=49\">Historie<\/a><\/p>\n\n\n\n<p><a href=\"http:\/\/www.malekysice.cz\/?page_id=160\">Znak a vlajka obce<\/a><\/p>\n\n\n\n<p><a href=\"http:\/\/www.malekysice.cz\/?page_id=632\">Org\u00e1ny obce<\/a><\/p>\n\n\n\n<p><a href=\"http:\/\/www.malekysice.cz\/?page_id=37\">Platn\u00e9 obecn\u011b z\u00e1vazn\u00e9 vyhl\u00e1\u0161ky<\/a><\/p>\n\n\n\n<p><a href=\"http:\/\/www.malekysice.cz\/?page_id=47\">Odpadov\u00e9 hospod\u00e1\u0159stv\u00ed<\/a><\/p>\n\n\n\n<p><a href=\"http:\/\/www.malekysice.cz\/?page_id=41\">Finan\u010dn\u00ed hospoda\u0159en\u00ed obce<\/a><\/p>\n\n\n\n<p><a href=\"http:\/\/www.malekysice.cz\/?page_id=3663\">Prohl\u00e1\u0161en\u00ed o ochran\u011b soukrom\u00ed<\/a><\/p>\n\n\n\n<p><a href=\"http:\/\/www.malekysice.cz\/?page_id=537\">Fotogalerie<\/a><\/p>\n\n\n\n<p><\/p>\n","protected":false},"excerpt":{"rendered":"<p>Z\u00e1kladn\u00ed informace Historie Znak a vlajka obce Org\u00e1ny obce Platn\u00e9 obecn\u011b z\u00e1vazn\u00e9 vyhl\u00e1\u0161ky Odpadov\u00e9 hospod\u00e1\u0159stv\u00ed Finan\u010dn\u00ed hospoda\u0159en\u00ed obce Prohl\u00e1\u0161en\u00ed o ochran\u011b soukrom\u00ed Fotogalerie<\/p>\n","protected":false},"author":1,"featured_media":0,"parent":0,"menu_order":0,"comment_status":"closed","ping_status":"closed","template":"","meta":[],"_links":{"self":[{"href":"http:\/\/www.malekysice.cz\/index.php?rest_route=\/wp\/v2\/pages\/12"}],"collection":[{"href":"http:\/\/www.malekysice.cz\/index.php?rest_route=\/wp\/v2\/pages"}],"about":[{"href":"http:\/\/www.malekysice.cz\/index.php?rest_route=\/wp\/v2\/types\/page"}],"author":[{"embeddable":true,"href":"http:\/\/www.malekysice.cz\/index.php?rest_route=\/wp\/v2\/users\/1"}],"replies":[{"embeddable":true,"href":"http:\/\/www.malekysice.cz\/index.php?rest_route=%2Fwp%2Fv2%2Fcomments&post=12"}],"version-history":[{"count":7,"href":"http:\/\/www.malekysice.cz\/index.php?rest_route=\/wp\/v2\/pages\/12\/revisions"}],"predecessor-version":[{"id":4425,"href":"http:\/\/www.malekysice.cz\/index.php?rest_route=\/wp\/v2\/pages\/12\/revisions\/4425"}],"wp:attachment":[{"href":"http:\/\/www.malekysice.cz\/index.php?rest_route=%2Fwp%2Fv2%2Fmedia&parent=12"}],"curies":[{"name":"wp","href":"https:\/\/api.w.org\/{rel}","templated":true}]}}