{"id":1055,"date":"2012-09-22T19:24:17","date_gmt":"2012-09-22T19:24:17","guid":{"rendered":"http:\/\/www.malekysice.cz\/?page_id=1055"},"modified":"2012-10-01T19:39:10","modified_gmt":"2012-10-01T19:39:10","slug":"jencov","status":"publish","type":"page","link":"http:\/\/www.malekysice.cz\/?page_id=1055","title":{"rendered":"JEN\u010cOV"},"content":{"rendered":"<p style=\"text-align: justify;\">(t\u00e9\u017e<strong> Jin\u010dov<\/strong>)<strong> \u2013 z\u0159\u00edcenina lov\u010d\u00edho hr\u00e1dku <\/strong>(okres Kladno).<strong> <\/strong>Z\u0159\u00edcenina se nach\u00e1z\u00ed p\u0159ibli\u017en\u011b 1,5 km jihoz\u00e1padn\u011b od obce B\u011ble\u010d na skalce, kterou obt\u00e9k\u00e1 potok V\u016fznice a v\u00a0minulosti tak byl vytvo\u0159en p\u0159irozen\u00fd vodn\u00ed p\u0159\u00edkop okolo t\u00e9to hradn\u00ed stavby. Archeologick\u00fdm pr\u016fzkumem bylo zji\u0161t\u011bno, \u017ee pravd\u011bpodobn\u00fdm zakladatelem hradu byl kr\u00e1l V\u00e1clav II, kter\u00fd panoval v\u00a0letech 1278 \u2013 1305. V\u00a0roce 1998 vznikl Spolek hradu Jen\u010dov, jeho\u017e c\u00edlem bylo zabr\u00e1nit dal\u0161\u00edmu rozpadu a po\u0161kozov\u00e1n\u00ed zdiva hradu, a zachovat tak tuto pam\u00e1tku v\u00a0podob\u011b, v\u00a0jak\u00e9 se nyn\u00ed nach\u00e1z\u00ed. V\u00edce informac\u00ed lze z\u00edskat na: <a href=\"http:\/\/www.jencov.estranky.cz\/\">http:\/\/www.jencov.estranky.cz\/<\/a><strong><\/strong><\/p>\n<p style=\"text-align: justify;\">P\u0159i n\u00e1v\u0161t\u011bv\u011b Jen\u010dova se proch\u00e1z\u00ed N\u00e1rodn\u00ed p\u0159\u00edrodn\u00ed rezervac\u00ed V\u016fznice, kde lze podle jednotliv\u00fdch ro\u010dn\u00edch obdob\u00ed spat\u0159it mnoho zaj\u00edmav\u00fdch druh\u016f rostlin, hub, ale i \u017eivo\u010dich\u016f. Nap\u0159\u00edklad se zde nal\u00e9z\u00e1 r\u016f\u017eov\u00fd dev\u011btsil \u010di fialov\u00fd oc\u00fan.<\/p>\n<p><a href=\"http:\/\/www.malekysice.cz\/wp-content\/uploads\/2012\/09\/12.jpg\"><img loading=\"lazy\" class=\"wp-image-1229 alignnone\" src=\"http:\/\/www.malekysice.cz\/wp-content\/uploads\/2012\/09\/12-300x225.jpg\" alt=\"\" width=\"240\" height=\"180\" srcset=\"http:\/\/www.malekysice.cz\/wp-content\/uploads\/2012\/09\/12-300x225.jpg 300w, http:\/\/www.malekysice.cz\/wp-content\/uploads\/2012\/09\/12.jpg 640w\" sizes=\"(max-width: 240px) 100vw, 240px\" \/><\/a><a href=\"http:\/\/www.malekysice.cz\/wp-content\/uploads\/2012\/09\/22.jpg\"><img loading=\"lazy\" class=\"alignright  wp-image-1230\" src=\"http:\/\/www.malekysice.cz\/wp-content\/uploads\/2012\/09\/22-300x225.jpg\" alt=\"\" width=\"240\" height=\"180\" srcset=\"http:\/\/www.malekysice.cz\/wp-content\/uploads\/2012\/09\/22-300x225.jpg 300w, http:\/\/www.malekysice.cz\/wp-content\/uploads\/2012\/09\/22.jpg 640w\" sizes=\"(max-width: 240px) 100vw, 240px\" \/><\/a><a href=\"http:\/\/www.malekysice.cz\/wp-content\/uploads\/2012\/09\/32.jpg\"><img loading=\"lazy\" class=\"wp-image-1231 alignleft\" src=\"http:\/\/www.malekysice.cz\/wp-content\/uploads\/2012\/09\/32-225x300.jpg\" alt=\"\" width=\"180\" height=\"240\" srcset=\"http:\/\/www.malekysice.cz\/wp-content\/uploads\/2012\/09\/32-225x300.jpg 225w, http:\/\/www.malekysice.cz\/wp-content\/uploads\/2012\/09\/32.jpg 480w\" sizes=\"(max-width: 180px) 100vw, 180px\" \/><\/a><a href=\"http:\/\/www.malekysice.cz\/wp-content\/uploads\/2012\/09\/51.jpg\"><br \/>\n<img loading=\"lazy\" class=\"wp-image-1233 alignleft\" src=\"http:\/\/www.malekysice.cz\/wp-content\/uploads\/2012\/09\/51-225x300.jpg\" alt=\"\" width=\"180\" height=\"240\" srcset=\"http:\/\/www.malekysice.cz\/wp-content\/uploads\/2012\/09\/51-225x300.jpg 225w, http:\/\/www.malekysice.cz\/wp-content\/uploads\/2012\/09\/51.jpg 480w\" sizes=\"(max-width: 180px) 100vw, 180px\" \/><\/a><a href=\"http:\/\/www.malekysice.cz\/wp-content\/uploads\/2012\/09\/61.jpg\"><img loading=\"lazy\" class=\"wp-image-1234\" src=\"http:\/\/www.malekysice.cz\/wp-content\/uploads\/2012\/09\/61-225x300.jpg\" alt=\"\" width=\"180\" height=\"240\" srcset=\"http:\/\/www.malekysice.cz\/wp-content\/uploads\/2012\/09\/61-225x300.jpg 225w, http:\/\/www.malekysice.cz\/wp-content\/uploads\/2012\/09\/61.jpg 480w\" sizes=\"(max-width: 180px) 100vw, 180px\" \/><\/a><a href=\"http:\/\/www.malekysice.cz\/wp-content\/uploads\/2012\/09\/42.jpg\"><img loading=\"lazy\" class=\"wp-image-1245 alignleft\" src=\"http:\/\/www.malekysice.cz\/wp-content\/uploads\/2012\/09\/42-300x225.jpg\" alt=\"\" width=\"240\" height=\"180\" srcset=\"http:\/\/www.malekysice.cz\/wp-content\/uploads\/2012\/09\/42-300x225.jpg 300w, http:\/\/www.malekysice.cz\/wp-content\/uploads\/2012\/09\/42.jpg 640w\" sizes=\"(max-width: 240px) 100vw, 240px\" \/><\/a><\/p>\n","protected":false},"excerpt":{"rendered":"<p>(t\u00e9\u017e Jin\u010dov) \u2013 z\u0159\u00edcenina lov\u010d\u00edho hr\u00e1dku (okres Kladno). Z\u0159\u00edcenina se nach\u00e1z\u00ed p\u0159ibli\u017en\u011b 1,5 km jihoz\u00e1padn\u011b od obce B\u011ble\u010d na skalce, kterou obt\u00e9k\u00e1 potok V\u016fznice a v\u00a0minulosti tak byl vytvo\u0159en p\u0159irozen\u00fd&hellip;<\/p>\n","protected":false},"author":1,"featured_media":0,"parent":957,"menu_order":0,"comment_status":"closed","ping_status":"open","template":"","meta":[],"_links":{"self":[{"href":"http:\/\/www.malekysice.cz\/index.php?rest_route=\/wp\/v2\/pages\/1055"}],"collection":[{"href":"http:\/\/www.malekysice.cz\/index.php?rest_route=\/wp\/v2\/pages"}],"about":[{"href":"http:\/\/www.malekysice.cz\/index.php?rest_route=\/wp\/v2\/types\/page"}],"author":[{"embeddable":true,"href":"http:\/\/www.malekysice.cz\/index.php?rest_route=\/wp\/v2\/users\/1"}],"replies":[{"embeddable":true,"href":"http:\/\/www.malekysice.cz\/index.php?rest_route=%2Fwp%2Fv2%2Fcomments&post=1055"}],"version-history":[{"count":17,"href":"http:\/\/www.malekysice.cz\/index.php?rest_route=\/wp\/v2\/pages\/1055\/revisions"}],"predecessor-version":[{"id":1079,"href":"http:\/\/www.malekysice.cz\/index.php?rest_route=\/wp\/v2\/pages\/1055\/revisions\/1079"}],"up":[{"embeddable":true,"href":"http:\/\/www.malekysice.cz\/index.php?rest_route=\/wp\/v2\/pages\/957"}],"wp:attachment":[{"href":"http:\/\/www.malekysice.cz\/index.php?rest_route=%2Fwp%2Fv2%2Fmedia&parent=1055"}],"curies":[{"name":"wp","href":"https:\/\/api.w.org\/{rel}","templated":true}]}}